{"id":2263,"date":"2019-02-05T18:47:47","date_gmt":"2019-02-05T17:47:47","guid":{"rendered":"https:\/\/spirrel.com\/picarbure\/?page_id=2263"},"modified":"2019-02-14T17:14:09","modified_gmt":"2019-02-14T16:14:09","slug":"mentions-legales","status":"publish","type":"page","link":"https:\/\/spirrel.com\/picarbure\/mentions-legales\/","title":{"rendered":"Mentions l\u00e9gales"},"content":{"rendered":"<p>[et_pb_section fb_built=\u00a0\u00bb1&Prime; _builder_version=\u00a0\u00bb3.19.13&Prime; custom_padding=\u00a0\u00bb50px|0px|50px|0px|false|false\u00a0\u00bb][et_pb_row custom_padding=\u00a0\u00bb0|0px|0|0px|false|false\u00a0\u00bb _builder_version=\u00a0\u00bb3.19.13&Prime;][et_pb_column type=\u00a0\u00bb4_4&Prime; _builder_version=\u00a0\u00bb3.19.11&Prime;][et_pb_text _builder_version=\u00a0\u00bb3.19.13&Prime; text_font=\u00a0\u00bb||||||||\u00a0\u00bb header_font=\u00a0\u00bbLobster||||||||\u00a0\u00bb header_text_color=\u00a0\u00bb#ffffff\u00a0\u00bb background_color=\u00a0\u00bb#5b7bbc\u00a0\u00bb custom_padding=\u00a0\u00bb10px||3px|10px|false\u00a0\u00bb]<\/p>\n<h1>Mentions l\u00e9gales<\/h1>\n<p>[\/et_pb_text][\/et_pb_column][\/et_pb_row][\/et_pb_section][et_pb_section fb_built=\u00a0\u00bb1&Prime; _builder_version=\u00a0\u00bb3.19.13&Prime; custom_padding=\u00a0\u00bb0|0px|0|0px|false|false\u00a0\u00bb][et_pb_row custom_padding=\u00a0\u00bb0|0px|0|0px|false|false\u00a0\u00bb _builder_version=\u00a0\u00bb3.19.13&Prime;][et_pb_column type=\u00a0\u00bb4_4&Prime; _builder_version=\u00a0\u00bb3.19.11&Prime;][et_pb_text _builder_version=\u00a0\u00bb3.19.13&Prime; text_font=\u00a0\u00bbCatamaran||||||||\u00a0\u00bb text_text_color=\u00a0\u00bb#4C2514&Prime; text_font_size=\u00a0\u00bb17px\u00a0\u00bb header_font=\u00a0\u00bb||||||||\u00a0\u00bb header_3_font=\u00a0\u00bb||||||||\u00a0\u00bb header_3_text_color=\u00a0\u00bb#4c2514&Prime; background_color=\u00a0\u00bb#e6e7ed\u00a0\u00bb box_shadow_style=\u00a0\u00bbpreset4&Prime; box_shadow_horizontal=\u00a0\u00bb33px\u00a0\u00bb box_shadow_vertical=\u00a0\u00bb31px\u00a0\u00bb box_shadow_spread=\u00a0\u00bb-13px\u00a0\u00bb box_shadow_color=\u00a0\u00bb#a0c65d\u00a0\u00bb custom_padding=\u00a0\u00bb2vh|2vh|2vh|4vh|true\u00a0\u00bb custom_margin=\u00a0\u00bb||70px\u00a0\u00bb]<\/p>\n<h3><strong>Editeur :<\/strong><\/h3>\n<p>Picarbure Services<\/p>\n<p>Mr Patrick BONNOT<\/p>\n<p>Adresse : 1 bis rue d&rsquo;Oudeuil &#8211; 60860 Blicourt<\/p>\n<p>Adresse email de contact : patrick.picarbure@wanadoo.fr<\/p>\n<p>N\u00b0 de t\u00e9l\u00e9phone de contact : 03 44 13 28 82<\/p>\n<p>&nbsp;<\/p>\n<h3><strong><em>Directeur de publication:<\/em><\/strong><\/h3>\n<p>Mr Patrick BONNOT<\/p>\n<h3><\/h3>\n<p>&nbsp;<\/p>\n<h3><strong>H\u00e9bergeur du site internet<\/strong> :<\/h3>\n<p>Nom\/d\u00e9nomination sociale : OVH<\/p>\n<p>Adresse postale : 2 rue Kellermann \u2013 59100 Roubaix \u2013 France<\/p>\n<p>N\u00b0 de t\u00e9l\u00e9phone de contact : <span class=\"fw600 fs14 white\">+33 9 72 10 10 07<\/span><\/p>\n<p>&nbsp;<\/p>\n<h3><strong>Politique de confidentialit\u00e9 :<\/strong><\/h3>\n<p>L&rsquo;utilisation et la protection des donn\u00e9es personnelles r\u00e9colt\u00e9es sur ce site sont pr\u00e9cis\u00e9es dans notre page de <a href=\"https:\/\/naevus.fr\/politique-de-confidentialite\/\">politique de confidentialit\u00e9<\/a>.<\/p>\n<p>&nbsp;<\/p>\n<h3><strong>Droits d\u2019auteurs :<\/strong><\/h3>\n<p>Sauf mention contraire, tout \u00e9l\u00e9ment graphique est la propri\u00e9t\u00e9 de Maxime Malherbe. Toute utilisation telles que la reproduction, la modification, la diffusion, l\u2019exploitation sans l\u2019autorisation \u00e9crite pr\u00e9alable de Maxime Malherbe est strictement interdite. Tout \u00e9l\u00e9ment utilis\u00e9 \u00e0 usage commercial dont Maxime Malherbe n\u2019est pas l\u2019auteur respecte les droits de propri\u00e9t\u00e9 intellectuelle.<\/p>\n<p>Mr Maxime Malherbe<\/p>\n<p>Adresse : 35 rue cointe 60860 Pisseleu<\/p>\n<p>Adresse email de contact : maxime.malherbe@spirrel.com<\/p>\n<p>N\u00b0 de t\u00e9l\u00e9phone de contact : 06 76 22 48 83<\/p>\n<p>Identifiant SIRET : 838 427 276 00012<\/p>\n<p>[\/et_pb_text][\/et_pb_column][\/et_pb_row][\/et_pb_section]<\/p>\n","protected":false},"excerpt":{"rendered":"<p>[et_pb_section fb_built=\u00a0\u00bb1&Prime; _builder_version=\u00a0\u00bb3.19.13&Prime; custom_padding=\u00a0\u00bb50px|0px|50px|0px|false|false\u00a0\u00bb][et_pb_row custom_padding=\u00a0\u00bb0|0px|0|0px|false|false\u00a0\u00bb _builder_version=\u00a0\u00bb3.19.13&Prime;][et_pb_column type=\u00a0\u00bb4_4&Prime; _builder_version=\u00a0\u00bb3.19.11&Prime;][et_pb_text _builder_version=\u00a0\u00bb3.19.13&Prime; text_font=\u00a0\u00bb||||||||\u00a0\u00bb header_font=\u00a0\u00bbLobster||||||||\u00a0\u00bb header_text_color=\u00a0\u00bb#ffffff\u00a0\u00bb background_color=\u00a0\u00bb#5b7bbc\u00a0\u00bb custom_padding=\u00a0\u00bb10px||3px|10px|false\u00a0\u00bb] Mentions l\u00e9gales [\/et_pb_text][\/et_pb_column][\/et_pb_row][\/et_pb_section][et_pb_section fb_built=\u00a0\u00bb1&Prime; _builder_version=\u00a0\u00bb3.19.13&Prime; custom_padding=\u00a0\u00bb0|0px|0|0px|false|false\u00a0\u00bb][et_pb_row custom_padding=\u00a0\u00bb0|0px|0|0px|false|false\u00a0\u00bb _builder_version=\u00a0\u00bb3.19.13&Prime;][et_pb_column type=\u00a0\u00bb4_4&Prime; _builder_version=\u00a0\u00bb3.19.11&Prime;][et_pb_text _builder_version=\u00a0\u00bb3.19.13&Prime; text_font=\u00a0\u00bbCatamaran||||||||\u00a0\u00bb text_text_color=\u00a0\u00bb#4C2514&Prime; text_font_size=\u00a0\u00bb17px\u00a0\u00bb header_font=\u00a0\u00bb||||||||\u00a0\u00bb header_3_font=\u00a0\u00bb||||||||\u00a0\u00bb header_3_text_color=\u00a0\u00bb#4c2514&Prime; background_color=\u00a0\u00bb#e6e7ed\u00a0\u00bb box_shadow_style=\u00a0\u00bbpreset4&Prime; box_shadow_horizontal=\u00a0\u00bb33px\u00a0\u00bb box_shadow_vertical=\u00a0\u00bb31px\u00a0\u00bb box_shadow_spread=\u00a0\u00bb-13px\u00a0\u00bb box_shadow_color=\u00a0\u00bb#a0c65d\u00a0\u00bb custom_padding=\u00a0\u00bb2vh|2vh|2vh|4vh|true\u00a0\u00bb custom_margin=\u00a0\u00bb||70px\u00a0\u00bb] Editeur : Picarbure Services Mr Patrick BONNOT Adresse : 1 bis rue d&rsquo;Oudeuil &#8211; 60860 Blicourt [&hellip;]<\/p>\n","protected":false},"author":1,"featured_media":0,"parent":0,"menu_order":0,"comment_status":"closed","ping_status":"closed","template":"","meta":{"_et_pb_use_builder":"on","_et_pb_old_content":"","_et_gb_content_width":""},"_links":{"self":[{"href":"https:\/\/spirrel.com\/picarbure\/wp-json\/wp\/v2\/pages\/2263"}],"collection":[{"href":"https:\/\/spirrel.com\/picarbure\/wp-json\/wp\/v2\/pages"}],"about":[{"href":"https:\/\/spirrel.com\/picarbure\/wp-json\/wp\/v2\/types\/page"}],"author":[{"embeddable":true,"href":"https:\/\/spirrel.com\/picarbure\/wp-json\/wp\/v2\/users\/1"}],"replies":[{"embeddable":true,"href":"https:\/\/spirrel.com\/picarbure\/wp-json\/wp\/v2\/comments?post=2263"}],"version-history":[{"count":15,"href":"https:\/\/spirrel.com\/picarbure\/wp-json\/wp\/v2\/pages\/2263\/revisions"}],"predecessor-version":[{"id":3195,"href":"https:\/\/spirrel.com\/picarbure\/wp-json\/wp\/v2\/pages\/2263\/revisions\/3195"}],"wp:attachment":[{"href":"https:\/\/spirrel.com\/picarbure\/wp-json\/wp\/v2\/media?parent=2263"}],"curies":[{"name":"wp","href":"https:\/\/api.w.org\/{rel}","templated":true}]}}