{"id":2283,"date":"2019-02-05T19:11:20","date_gmt":"2019-02-05T18:11:20","guid":{"rendered":"https:\/\/spirrel.com\/picarbure\/?page_id=2283"},"modified":"2019-03-04T16:13:21","modified_gmt":"2019-03-04T15:13:21","slug":"conditions-generales-dutilisation","status":"publish","type":"page","link":"https:\/\/spirrel.com\/picarbure\/conditions-generales-dutilisation\/","title":{"rendered":"Conditions g\u00e9n\u00e9rales d&rsquo;utilisation"},"content":{"rendered":"<p>[et_pb_section fb_built=\u00a0\u00bb1&Prime; _builder_version=\u00a0\u00bb3.19.13&Prime; custom_padding=\u00a0\u00bb50px|0px|50px|0px|false|false\u00a0\u00bb][et_pb_row custom_padding=\u00a0\u00bb0|0px|0|0px|false|false\u00a0\u00bb _builder_version=\u00a0\u00bb3.19.13&Prime;][et_pb_column type=\u00a0\u00bb4_4&Prime; _builder_version=\u00a0\u00bb3.19.11&Prime;][et_pb_text _builder_version=\u00a0\u00bb3.19.13&Prime; text_font=\u00a0\u00bb||||||||\u00a0\u00bb header_font=\u00a0\u00bbLobster||||||||\u00a0\u00bb header_text_color=\u00a0\u00bb#ffffff\u00a0\u00bb background_color=\u00a0\u00bb#5b7bbc\u00a0\u00bb custom_padding=\u00a0\u00bb10px||3px|10px|false\u00a0\u00bb]<\/p>\n<h1>Conditions g\u00e9n\u00e9rales d&rsquo;utilisation<\/h1>\n<p>[\/et_pb_text][\/et_pb_column][\/et_pb_row][\/et_pb_section][et_pb_section fb_built=\u00a0\u00bb1&Prime; _builder_version=\u00a0\u00bb3.19.13&Prime; custom_padding=\u00a0\u00bb0|0px|0|0px|false|false\u00a0\u00bb][et_pb_row custom_padding=\u00a0\u00bb0|0px|0|0px|false|false\u00a0\u00bb _builder_version=\u00a0\u00bb3.19.13&Prime;][et_pb_column type=\u00a0\u00bb4_4&Prime; _builder_version=\u00a0\u00bb3.19.11&Prime;][et_pb_text _builder_version=\u00a0\u00bb3.19.18&Prime; text_font=\u00a0\u00bbCatamaran||||||||\u00a0\u00bb text_text_color=\u00a0\u00bb#4C2514&Prime; text_font_size=\u00a0\u00bb17px\u00a0\u00bb header_3_font=\u00a0\u00bb||||||||\u00a0\u00bb background_color=\u00a0\u00bb#e6e7ed\u00a0\u00bb box_shadow_style=\u00a0\u00bbpreset4&Prime; box_shadow_horizontal=\u00a0\u00bb33px\u00a0\u00bb box_shadow_vertical=\u00a0\u00bb31px\u00a0\u00bb box_shadow_spread=\u00a0\u00bb-13px\u00a0\u00bb box_shadow_color=\u00a0\u00bb#a0c65d\u00a0\u00bb custom_padding=\u00a0\u00bb2vh|2vh|2vh|4vh|true\u00a0\u00bb]<\/p>\n<div class=\"entry-content\">\n<p>Mises en ligne le 01\/03\/2019.<\/p>\n<p>Le fait de naviguer sur le pr\u00e9sente site internet vaut adh\u00e9sion pleine et enti\u00e8re aux pr\u00e9sentes Conditions G\u00e9n\u00e9rales d\u2019Utilisation.<br \/> D\u00e8s lors que vous utilisez et naviguez sur le pr\u00e9sente site internet vous vous engagez \u00e0 respecter les pr\u00e9sentes conditions g\u00e9n\u00e9rales d\u2019utilisation. A ce titre vous garantissez \u00e0 l\u2019\u00c9diteur du pr\u00e9sent site avoir lu, compris et accept\u00e9 les dispositions qui vont suivre.<br \/> La version opposable des Conditions G\u00e9n\u00e9rales d\u2019Utilisation est celle en ligne pendant toute la dur\u00e9e d\u2019utilisation du Site Internet.<\/p>\n<p>&nbsp;<\/p>\n<h3>Article 1 \u2013 D\u00e9finitions<\/h3>\n<p>Picarbure.com, ci-apr\u00e8s d\u00e9nomm\u00e9 \u00ab le Site \u00bb : d\u00e9signe le Site Internet accessible via l\u2019URL suivante : https:\/\/picarbure.com<\/p>\n<p>\u2013 CGU : d\u00e9signent les pr\u00e9sentes conditions g\u00e9n\u00e9rales d\u2019utilisation.<br \/> \u2013 Visiteur\/Utilisateur : d\u00e9signe toute personne physique ou morale qui navigue sur le Site Internet.<br \/> \u2013 Membre : d\u00e9signe toute personne physique qui cr\u00e9\u00e9 un compte Membre sur le Site Internet (uniquement si le site internet propose la cr\u00e9ation d\u2019un compte personnel)<\/p>\n<p>\u00c9diteur : Picarbure Services<br \/> Forme juridique : Soci\u00e9t\u00e9 \u00e0 responsabilit\u00e9 limit\u00e9e<br \/> Adresse du si\u00e8ge social ou de l\u2019\u00e9tablissement : 1 bis rue d&rsquo;Oudeuil 60860 Blicourt<br \/> Identifiant SIRET : 391 387 057 00014<br \/> Adresse de courrier \u00e9lectronique : picarbure-services@wanadoo.fr<\/p>\n<p>&nbsp;<\/p>\n<h3>Article 2 \u2013 Objet<\/h3>\n<p>Les pr\u00e9sentes CGU ont pour objet de d\u00e9finir les r\u00e8gles qui s\u2019appliquent lors de la consultation et l\u2019utilisation du Site Internet, de d\u00e9terminer les responsabilit\u00e9s des Visiteurs, des Membres et de l\u2019\u00c9diteur dans le cadre de la navigation et de l\u2019utilisation du Site Internet. Le fait de naviguer et d\u2019utiliser le Site Internet vaut acceptation pleine et enti\u00e8re des pr\u00e9sentes CGU. Par cons\u00e9quent, en poursuivant leur navigation sur le Site Internet, le Visiteur et le Membre reconnaissent qu\u2019ils acceptent et adh\u00e9rent aux pr\u00e9sentes CGU. La version actuellement en ligne des CGU est la seule opposable pendant toute la dur\u00e9e d\u2019utilisation du Site Internet et ce jusqu\u2019\u00e0 ce qu\u2019une nouvelle version la remplace. L\u2019\u00c9diteur se r\u00e9serve le droit de modifier les CGU \u00e0 tout moment. N\u00e9anmoins, la version opposable des CGU est celle en ligne au moment de la consultation et de l\u2019utilisation du Site Internet.<\/p>\n<p>&nbsp;<\/p>\n<h3>Article 3 \u2013 Propri\u00e9t\u00e9 intellectuelle \u2013 Droits d\u2019auteur<\/h3>\n<p>Tous les \u00e9l\u00e9ments contenus sur le Site Internet, que ce soient des images, des bases de donn\u00e9es, des logos, des illustrations, des marques, des dessins, des mod\u00e8les, des mises en page, des documents t\u00e9l\u00e9chargeables, des maquettes, des pr\u00e9sentations de r\u00e9alisations graphiques sont prot\u00e9g\u00e9s au titre de la propri\u00e9t\u00e9 intellectuelle en tant qu\u2019\u0153uvre de l\u2019esprit en vertu de la l\u00e9gislation fran\u00e7aise et internationale. Par cons\u00e9quent tout le contenu du Site Internet appartient \u00e0 l\u2019\u00c9diteur ou \u00e0 ses partenaires exclusivement au titre du droit d\u2019auteur et de la propri\u00e9t\u00e9 intellectuelle.<br \/> \u2013 Si vous refusez l\u2019utilisation de vos propri\u00e9t\u00e9s intellectuelles :<br \/> \u00c0 ce titre, toute reproduction, repr\u00e9sentation, adaptation, modification partielle ou totale de tout \u00e9l\u00e9ment composant le Site Internet, par quelque moyen que ce soit, sont interdites sous peine de poursuites judiciaires, sauf autorisation pr\u00e9alable et \u00e9crite de l\u2019\u00c9diteur.<\/p>\n<p>&nbsp;<\/p>\n<h3>Article 4 \u2013 Donn\u00e9es personnelles<\/h3>\n<p>Dans le cadre de l\u2019utilisation du site internet, l\u2019\u00c9diteur est amen\u00e9 \u00e0 collecter des donn\u00e9es personnelles relatives aux utilisateurs du site internet. C\u2019est le cas lorsque l\u2019utilisation remplit le formulaire de contact.<\/p>\n<p>Les informations recueillies par l\u2019\u00c9diteur sont le pr\u00e9nom, le nom, l\u2019adresse e-mail, l&rsquo;adresse postale, le num\u00e9ro de t\u00e9l\u00e9phone et le nom de la soci\u00e9t\u00e9.<\/p>\n<p>Les informations collect\u00e9es par l\u2019\u00c9diteur sont utilis\u00e9es pour contacter l\u2019Utilisateur ult\u00e9rieurement et \u00e0 des fins d\u2019\u00e9tudes statistiques pour am\u00e9liorer le site internet.<\/p>\n<p>&nbsp;<\/p>\n<h3>Article 5 \u2013 Cookies<\/h3>\n<p>Lorsque le Visiteur navigue sur le site internet, certaines informations relatives \u00e0 sa navigation peuvent \u00eatre enregistr\u00e9es dans des fichiers appel\u00e9s \u00ab cookies \u00bb. Ces cookies sont install\u00e9s par l\u2019\u00c9diteur sur le syst\u00e8me informatique de l\u2019utilisateur du site internet. Ces cookies ont pour objectifs de faciliter la navigation sur le site internet, d\u2019\u00e9tablir des statistiques de fr\u00e9quentation telles que le nombre de visite, le nombre de pages vues, d\u2019am\u00e9liorer les performances du site internet, d\u2019enregistrer des renseignements fournis dans les formulaires pr\u00e9sents sur le site internet, de g\u00e9rer et de s\u00e9curiser les espaces personnels, de g\u00e9rer le panier de commande.<br \/> L\u2019utilisateur du site internet peut refuser ces cookies via les param\u00e8tres de son navigateur.<br \/> Des cookies tiers sont \u00e9galement susceptibles d\u2019\u00eatre plac\u00e9s sur l\u2019ordinateur de l\u2019utilisateur. Ces cookies sont install\u00e9s par des tiers et l\u2019\u00c9diteur n\u2019a ni acc\u00e8s ni contr\u00f4le sur ces cookies. L\u2019utilisateur du site internet peut refuser ces cookies via les param\u00e8tres de son navigateur.<\/p>\n<p>&nbsp;<\/p>\n<h3>Article 6 \u2013 Obligations et responsabilit\u00e9s des Visiteurs et des Membres<\/h3>\n<p>En application de l\u2019article 6. I. 7 de la loi pour la confiance dans l\u2019\u00e9conomie num\u00e9rique du 21 juin 2004 (n\u00b02004-575), le Visiteur du Site Internet doit informer l\u2019\u00c9diteur, \u00e0 l\u2019adresse mail suivante : maxime.malherbe@spirrel.com, de tout contenu faisant l\u2019apologie des crimes contre l\u2019humanit\u00e9, incitant \u00e0 la haine raciale, touchant \u00e0 la pornographie infantile, incitant \u00e0 la violence ou portant atteinte \u00e0 la dignit\u00e9 humaine.<br \/> Chaque Visiteur est tenu d\u2019informer l\u2019\u00c9diteur par mail de tout contenu pr\u00e9sent sur le Site Internet susceptible d\u2019\u00eatre erron\u00e9, illicite, ayant un caract\u00e8re injurieux, discriminatoire ou diffamatoire. Pour avertir l\u2019\u00c9diteur, l\u2019Utilisateur doit lui indiquer ses noms, pr\u00e9noms, (pour une personne morale, sa d\u00e9nomination sociale et num\u00e9ro RCS), adresse et la description des faits litigieux. L\u2019\u00c9diteur s\u2019engage \u00e0 mettre tout en \u0153uvre, \u00e0 la r\u00e9ception de cet avertissement, pour rem\u00e9dier aux faits litigieux.<br \/> En utilisant le Site Internet, le Membre d\u00e9clare et garantit que toute information fournie lors de son adh\u00e9sion au Site Internet est v\u00e9ridique, qu\u2019il maintiendra l\u2019exactitude de ces informations via une mise \u00e0 jour r\u00e9guli\u00e8re, qu\u2019il est \u00e2g\u00e9 d\u2019au moins 18 ans et qu\u2019il dispose de toute sa capacit\u00e9 juridique pour contracter.<\/p>\n<p>&nbsp;<\/p>\n<h3>Article 7 \u2013 Gestion du site<\/h3>\n<p>Pour la bonne gestion du site, l\u2019\u00c9diteur pourra \u00e0 tout moment :<br \/> \u2013 suspendre, interrompre ou limiter l\u2019acc\u00e8s \u00e0 tout ou partie du site, r\u00e9server l\u2019acc\u00e8s au site, ou \u00e0 certaines parties du site, \u00e0 une cat\u00e9gorie d\u00e9termin\u00e9e d\u2019Internaute ;<br \/> \u2013 supprimer toute information pouvant en perturber le fonctionnement ou entrant en contravention avec les lois nationales ou internationales, ou avec les r\u00e8gles de la N\u00e9tiquette ;<br \/> \u2013 suspendre le site afin de proc\u00e9der \u00e0 des mises \u00e0 jour.<\/p>\n<p>&nbsp;<\/p>\n<h3>Article 8 \u2013 Limitation de responsabilit\u00e9<\/h3>\n<p>La responsabilit\u00e9 de l\u2019\u00c9diteur ne peut \u00eatre engag\u00e9e en cas de d\u00e9faillance, panne, difficult\u00e9 ou interruption de fonctionnement, emp\u00eachant l\u2019acc\u00e8s au site ou \u00e0 une de ses fonctionnalit\u00e9s.<br \/> Le mat\u00e9riel de connexion au site que le Visiteur utilise est sous son enti\u00e8re responsabilit\u00e9.<br \/> Le Visiteur doit prendre toutes les mesures appropri\u00e9es pour prot\u00e9ger son mat\u00e9riel et ses propres donn\u00e9es notamment d\u2019attaques virales par Internet. Le Visiteur est par ailleurs le seul responsable des sites et donn\u00e9es qu\u2019il consulte.<br \/> L\u2019\u00c9diteur ne pourra \u00eatre tenu responsable en cas de poursuites judiciaires \u00e0 l\u2019encontre du Visiteur :<br \/> \u2013 du fait de l\u2019usage du site ou de tout service accessible via Internet ;<br \/> \u2013 du fait du non-respect par lui des pr\u00e9sentes conditions g\u00e9n\u00e9rales.<br \/> L\u2019\u00c9diteur n\u2019est pas responsable des dommages caus\u00e9s \u00e0 lui-m\u00eame, \u00e0 des tiers et\/ou \u00e0 son \u00e9quipement du fait de sa connexion ou de son utilisation du site et il renonce \u00e0 toute action contre lui de ce fait.<br \/> Si l\u2019\u00c9diteur venait \u00e0 faire l\u2019objet d\u2019une proc\u00e9dure amiable ou judiciaire \u00e0 raison de l\u2019utilisation du site par un Visiteur, il pourra se retourner contre lui pour obtenir indemnisation de tous les pr\u00e9judices, sommes, condamnations et frais qui pourraient d\u00e9couler de cette proc\u00e9dure.<\/p>\n<p>&nbsp;<\/p>\n<h3>Article 9 \u2013 Force majeure<\/h3>\n<p>Toutes circonstances ind\u00e9pendantes de la volont\u00e9 des parties emp\u00eachant l\u2019ex\u00e9cution dans des conditions normales de leurs obligations sont consid\u00e9r\u00e9es comme des causes d\u2019exon\u00e9ration des obligations des parties et entra\u00eenent leur suspension.<br \/> La partie qui invoque les circonstances vis\u00e9es ci-dessus doit avertir imm\u00e9diatement l\u2019autre partie de leur survenance, ainsi que de leur disparition.<br \/> Seront consid\u00e9r\u00e9s comme cas de force majeure tous faits ou circonstances irr\u00e9sistibles, ext\u00e9rieurs aux parties, impr\u00e9visibles, in\u00e9vitables, ind\u00e9pendants de la volont\u00e9 des parties et qui ne pourront \u00eatre emp\u00each\u00e9s par ces derni\u00e8res, malgr\u00e9 tous les efforts raisonnablement possibles. De fa\u00e7on expresse, sont consid\u00e9r\u00e9s comme cas de force majeure ou cas fortuits, outre ceux habituellement retenus par la jurisprudence des cours et des tribunaux fran\u00e7ais : le blocage des moyens de transports ou d\u2019approvisionnements, tremblements de terre, incendies, temp\u00eates, inondations, foudre, l\u2019arr\u00eat des r\u00e9seaux de t\u00e9l\u00e9communication ou difficult\u00e9s propres aux r\u00e9seaux de t\u00e9l\u00e9communication externes aux clients.<br \/> Les parties se rapprocheront pour examiner l\u2019incidence de l\u2019\u00e9v\u00e9nement et convenir des conditions dans lesquelles l\u2019ex\u00e9cution du contrat sera poursuivie. Si le cas de force majeur a une dur\u00e9e sup\u00e9rieure \u00e0 trois mois, les pr\u00e9sentes conditions g\u00e9n\u00e9rales pourront \u00eatre r\u00e9sili\u00e9es par la partie l\u00e9s\u00e9e.<\/p>\n<p>&nbsp;<\/p>\n<h3>Article 10 \u2013 Loi applicable<\/h3>\n<p>Les pr\u00e9sentes conditions d\u2019utilisation du site sont r\u00e9gies par la loi fran\u00e7aise et soumises \u00e0 la comp\u00e9tence des tribunaux de Beauvais, sous r\u00e9serve d\u2019une attribution de comp\u00e9tence sp\u00e9cifique d\u00e9coulant d\u2019un texte de loi ou r\u00e9glementaire particulier.<\/p>\n<p>&nbsp;<\/p>\n<h3>Article 11 \u2013 Contactez-nous<\/h3>\n<p>Pour toute question, information concernant le Site Internet, vous pouvez laisser un message \u00e0 l\u2019adresse suivante : picarbure-services@wanadoo.fr<\/p>\n<\/div>\n<p>[\/et_pb_text][\/et_pb_column][\/et_pb_row][\/et_pb_section][et_pb_section fb_built=\u00a0\u00bb1&Prime; _builder_version=\u00a0\u00bb3.19.13&Prime;][\/et_pb_section][et_pb_section fb_built=\u00a0\u00bb1&Prime; _builder_version=\u00a0\u00bb3.19.13&Prime;][\/et_pb_section]<\/p>\n","protected":false},"excerpt":{"rendered":"<p>[et_pb_section fb_built=\u00a0\u00bb1&Prime; _builder_version=\u00a0\u00bb3.19.13&Prime; custom_padding=\u00a0\u00bb50px|0px|50px|0px|false|false\u00a0\u00bb][et_pb_row custom_padding=\u00a0\u00bb0|0px|0|0px|false|false\u00a0\u00bb _builder_version=\u00a0\u00bb3.19.13&Prime;][et_pb_column type=\u00a0\u00bb4_4&Prime; _builder_version=\u00a0\u00bb3.19.11&Prime;][et_pb_text _builder_version=\u00a0\u00bb3.19.13&Prime; text_font=\u00a0\u00bb||||||||\u00a0\u00bb header_font=\u00a0\u00bbLobster||||||||\u00a0\u00bb header_text_color=\u00a0\u00bb#ffffff\u00a0\u00bb background_color=\u00a0\u00bb#5b7bbc\u00a0\u00bb custom_padding=\u00a0\u00bb10px||3px|10px|false\u00a0\u00bb] Conditions g\u00e9n\u00e9rales d&rsquo;utilisation [\/et_pb_text][\/et_pb_column][\/et_pb_row][\/et_pb_section][et_pb_section fb_built=\u00a0\u00bb1&Prime; _builder_version=\u00a0\u00bb3.19.13&Prime; custom_padding=\u00a0\u00bb0|0px|0|0px|false|false\u00a0\u00bb][et_pb_row custom_padding=\u00a0\u00bb0|0px|0|0px|false|false\u00a0\u00bb _builder_version=\u00a0\u00bb3.19.13&Prime;][et_pb_column type=\u00a0\u00bb4_4&Prime; _builder_version=\u00a0\u00bb3.19.11&Prime;][et_pb_text _builder_version=\u00a0\u00bb3.19.18&Prime; text_font=\u00a0\u00bbCatamaran||||||||\u00a0\u00bb text_text_color=\u00a0\u00bb#4C2514&Prime; text_font_size=\u00a0\u00bb17px\u00a0\u00bb header_3_font=\u00a0\u00bb||||||||\u00a0\u00bb background_color=\u00a0\u00bb#e6e7ed\u00a0\u00bb box_shadow_style=\u00a0\u00bbpreset4&Prime; box_shadow_horizontal=\u00a0\u00bb33px\u00a0\u00bb box_shadow_vertical=\u00a0\u00bb31px\u00a0\u00bb box_shadow_spread=\u00a0\u00bb-13px\u00a0\u00bb box_shadow_color=\u00a0\u00bb#a0c65d\u00a0\u00bb custom_padding=\u00a0\u00bb2vh|2vh|2vh|4vh|true\u00a0\u00bb] Mises en ligne le 01\/03\/2019. Le fait de naviguer sur le pr\u00e9sente site internet vaut adh\u00e9sion pleine et [&hellip;]<\/p>\n","protected":false},"author":1,"featured_media":0,"parent":0,"menu_order":0,"comment_status":"closed","ping_status":"closed","template":"","meta":{"_et_pb_use_builder":"on","_et_pb_old_content":"","_et_gb_content_width":""},"_links":{"self":[{"href":"https:\/\/spirrel.com\/picarbure\/wp-json\/wp\/v2\/pages\/2283"}],"collection":[{"href":"https:\/\/spirrel.com\/picarbure\/wp-json\/wp\/v2\/pages"}],"about":[{"href":"https:\/\/spirrel.com\/picarbure\/wp-json\/wp\/v2\/types\/page"}],"author":[{"embeddable":true,"href":"https:\/\/spirrel.com\/picarbure\/wp-json\/wp\/v2\/users\/1"}],"replies":[{"embeddable":true,"href":"https:\/\/spirrel.com\/picarbure\/wp-json\/wp\/v2\/comments?post=2283"}],"version-history":[{"count":12,"href":"https:\/\/spirrel.com\/picarbure\/wp-json\/wp\/v2\/pages\/2283\/revisions"}],"predecessor-version":[{"id":4635,"href":"https:\/\/spirrel.com\/picarbure\/wp-json\/wp\/v2\/pages\/2283\/revisions\/4635"}],"wp:attachment":[{"href":"https:\/\/spirrel.com\/picarbure\/wp-json\/wp\/v2\/media?parent=2283"}],"curies":[{"name":"wp","href":"https:\/\/api.w.org\/{rel}","templated":true}]}}