{"id":2375,"date":"2019-02-06T15:07:58","date_gmt":"2019-02-06T14:07:58","guid":{"rendered":"https:\/\/spirrel.com\/picarbure\/?page_id=2375"},"modified":"2019-03-26T13:58:22","modified_gmt":"2019-03-26T12:58:22","slug":"contacts","status":"publish","type":"page","link":"https:\/\/spirrel.com\/picarbure\/contacts\/","title":{"rendered":"Nous contacter"},"content":{"rendered":"<p>[et_pb_section fb_built=\u00a0\u00bb1&Prime; _builder_version=\u00a0\u00bb3.19.13&Prime; custom_padding=\u00a0\u00bb50px|0px|50px|0px|false|false\u00a0\u00bb][et_pb_row custom_padding=\u00a0\u00bb0|0px|0|0px|false|false\u00a0\u00bb _builder_version=\u00a0\u00bb3.19.13&Prime;][et_pb_column type=\u00a0\u00bb4_4&Prime; _builder_version=\u00a0\u00bb3.19.11&Prime;][et_pb_text _builder_version=\u00a0\u00bb3.19.13&Prime; text_font=\u00a0\u00bb||||||||\u00a0\u00bb header_font=\u00a0\u00bbLobster||||||||\u00a0\u00bb header_text_color=\u00a0\u00bb#ffffff\u00a0\u00bb background_color=\u00a0\u00bb#5b7bbc\u00a0\u00bb custom_padding=\u00a0\u00bb10px||3px|10px|false\u00a0\u00bb]<\/p>\n<h1>Nous contacter<\/h1>\n<p>[\/et_pb_text][\/et_pb_column][\/et_pb_row][\/et_pb_section][et_pb_section fb_built=\u00a0\u00bb1&Prime; _builder_version=\u00a0\u00bb3.19.13&Prime; custom_padding=\u00a0\u00bb0|0px|0|0px|false|false\u00a0\u00bb][et_pb_row custom_padding=\u00a0\u00bb0|0px|18px|0px|false|false\u00a0\u00bb background_color_1=\u00a0\u00bb#e6e7ed\u00a0\u00bb background_color_2=\u00a0\u00bb#e6e7ed\u00a0\u00bb custom_css_main_1=\u00a0\u00bbwidth: 25%;\u00a0\u00bb custom_css_main_2=\u00a0\u00bbwidth: 25%;\u00a0\u00bb custom_css_main_3=\u00a0\u00bbwidth: 50%;\u00a0\u00bb _builder_version=\u00a0\u00bb3.19.17&Prime;][et_pb_column type=\u00a0\u00bb1_3&Prime; _builder_version=\u00a0\u00bb3.19.13&Prime;][et_pb_text _builder_version=\u00a0\u00bb3.19.13&Prime; text_font=\u00a0\u00bb||||||||\u00a0\u00bb text_font_size=\u00a0\u00bb18px\u00a0\u00bb custom_padding=\u00a0\u00bb1vh|1vh|1vh|1vh\u00a0\u00bb]<\/p>\n<p><i class=\"fas fa-phone\"><\/i>\u00a0 03 44 13 28 82<\/p>\n<p><i class=\"fas fa-fax\"><\/i>\u00a0 03 44 13 29 98<\/p>\n<p><i class=\"fas fa-at\"><\/i> picarbure-services@wanadoo.fr<\/p>\n<p>[\/et_pb_text][et_pb_text _builder_version=\u00a0\u00bb3.19.13&Prime; text_font=\u00a0\u00bbLobster||||||||\u00a0\u00bb text_text_color=\u00a0\u00bb#ffffff\u00a0\u00bb text_font_size=\u00a0\u00bb17px\u00a0\u00bb header_font=\u00a0\u00bbLobster||||||||\u00a0\u00bb header_text_color=\u00a0\u00bb#ffffff\u00a0\u00bb header_2_font=\u00a0\u00bb||||||||\u00a0\u00bb header_2_text_color=\u00a0\u00bb#ffffff\u00a0\u00bb header_2_font_size=\u00a0\u00bb22px\u00a0\u00bb background_color=\u00a0\u00bb#5b7bbc\u00a0\u00bb custom_margin=\u00a0\u00bb||0px\u00a0\u00bb custom_padding=\u00a0\u00bb10px||3px|10px|false\u00a0\u00bb]<\/p>\n<h2>Directeur commercial<\/h2>\n<p>[\/et_pb_text][et_pb_text _builder_version=\u00a0\u00bb3.19.13&Prime; text_font=\u00a0\u00bbCatamaran||||||||\u00a0\u00bb text_font_size=\u00a0\u00bb18px\u00a0\u00bb custom_padding=\u00a0\u00bb1vh|1vh|1vh|1vh|true|true\u00a0\u00bb]<\/p>\n<p>Mr Patrick Bonnot<\/p>\n<p>[\/et_pb_text][\/et_pb_column][et_pb_column type=\u00a0\u00bb1_3&Prime; _builder_version=\u00a0\u00bb3.19.13&Prime;][et_pb_text _builder_version=\u00a0\u00bb3.19.13&Prime; text_font=\u00a0\u00bbCatamaran||||||||\u00a0\u00bb text_font_size=\u00a0\u00bb18px\u00a0\u00bb custom_padding=\u00a0\u00bb1vh|1vh|1vh|1vh|true|true\u00a0\u00bb]<\/p>\n<p>Picarbure Services<\/p>\n<p>Rue de Breteuil<\/p>\n<p>60360 Cr\u00e8vecoeur le grand<\/p>\n<p>[\/et_pb_text][et_pb_text _builder_version=\u00a0\u00bb3.19.13&Prime; text_font=\u00a0\u00bbLobster||||||||\u00a0\u00bb text_text_color=\u00a0\u00bb#ffffff\u00a0\u00bb text_font_size=\u00a0\u00bb17px\u00a0\u00bb header_font=\u00a0\u00bbLobster||||||||\u00a0\u00bb header_text_color=\u00a0\u00bb#ffffff\u00a0\u00bb header_2_font=\u00a0\u00bb||||||||\u00a0\u00bb header_2_text_color=\u00a0\u00bb#ffffff\u00a0\u00bb header_2_font_size=\u00a0\u00bb22px\u00a0\u00bb header_3_font=\u00a0\u00bb||||||||\u00a0\u00bb header_3_text_color=\u00a0\u00bb#ffffff\u00a0\u00bb background_color=\u00a0\u00bb#5b7bbc\u00a0\u00bb custom_margin=\u00a0\u00bb||0px\u00a0\u00bb custom_padding=\u00a0\u00bb10px||3px|10px|false\u00a0\u00bb]<\/p>\n<h2>Suivi de commande &#8211; D\u00e9lais de livraison<\/h2>\n<p>[\/et_pb_text][et_pb_text _builder_version=\u00a0\u00bb3.19.13&Prime; text_font=\u00a0\u00bbCatamaran||||||||\u00a0\u00bb text_font_size=\u00a0\u00bb18px\u00a0\u00bb custom_padding=\u00a0\u00bb1vh|1vh|1vh|1vh|true|true\u00a0\u00bb]<\/p>\n<p>Mlle Emmanuelle Masurier<br \/> 03 44 13 28 82<\/p>\n<p>[\/et_pb_text][\/et_pb_column][et_pb_column type=\u00a0\u00bb1_3&Prime; _builder_version=\u00a0\u00bb3.19.13&Prime;][et_pb_map google_api_key=\u00a0\u00bbAIzaSyB9bsdOoVQm6gkrrDTUY0siTxIhlBN3Br0&Prime; address=\u00a0\u00bbRue de Breteuil, 60360 Cr\u00e8vec\u0153ur-le-Grand, France\u00a0\u00bb zoom_level=\u00a0\u00bb20&Prime; address_lat=\u00a0\u00bb49.6093737&Prime; address_lng=\u00a0\u00bb2.0928914&Prime; _builder_version=\u00a0\u00bb3.19.13&Prime; custom_margin=\u00a0\u00bb5%||\u00a0\u00bb][et_pb_map_pin pin_address=\u00a0\u00bbRue de Breteuil, 60360 Cr\u00e8vec\u0153ur-le-Grand, France\u00a0\u00bb zoom_level=\u00a0\u00bb11&Prime; pin_address_lat=\u00a0\u00bb49.6093737&Prime; pin_address_lng=\u00a0\u00bb2.0928914&Prime; _builder_version=\u00a0\u00bb3.19.13&Prime;][\/et_pb_map_pin][\/et_pb_map][\/et_pb_column][\/et_pb_row][\/et_pb_section][et_pb_section fb_built=\u00a0\u00bb1&Prime; _builder_version=\u00a0\u00bb3.19.13&Prime; custom_padding=\u00a0\u00bb0|0px|0|0px|false|false\u00a0\u00bb][et_pb_row custom_padding=\u00a0\u00bb38.05px|0px|0|0px|false|false\u00a0\u00bb _builder_version=\u00a0\u00bb3.19.13&Prime;][et_pb_column type=\u00a0\u00bb4_4&Prime; _builder_version=\u00a0\u00bb3.19.13&Prime;][et_pb_text _builder_version=\u00a0\u00bb3.19.17&Prime; text_font=\u00a0\u00bbLobster||||||||\u00a0\u00bb text_text_color=\u00a0\u00bb#ffffff\u00a0\u00bb text_font_size=\u00a0\u00bb17px\u00a0\u00bb header_font=\u00a0\u00bbLobster||||||||\u00a0\u00bb header_text_color=\u00a0\u00bb#ffffff\u00a0\u00bb header_2_font=\u00a0\u00bb||||||||\u00a0\u00bb header_2_text_color=\u00a0\u00bb#ffffff\u00a0\u00bb header_2_font_size=\u00a0\u00bb22px\u00a0\u00bb background_color=\u00a0\u00bb#5b7bbc\u00a0\u00bb max_width=\u00a0\u00bb22%\u00a0\u00bb custom_margin=\u00a0\u00bb||0px\u00a0\u00bb custom_padding=\u00a0\u00bb10px||3px|10px|false\u00a0\u00bb]<\/p>\n<h2>Des commerciaux \u00e0 votre service<\/h2>\n<p>[\/et_pb_text][\/et_pb_column][\/et_pb_row][et_pb_row custom_padding=\u00a0\u00bb2vh|0px|2vh|0px|true|false\u00a0\u00bb _builder_version=\u00a0\u00bb3.19.17&Prime;][et_pb_column type=\u00a0\u00bb1_4&Prime; _builder_version=\u00a0\u00bb3.19.13&Prime;][et_pb_text _builder_version=\u00a0\u00bb3.19.13&Prime; text_font=\u00a0\u00bbLobster||||||||\u00a0\u00bb text_text_color=\u00a0\u00bb#ffffff\u00a0\u00bb header_font=\u00a0\u00bbLobster||||||||\u00a0\u00bb header_text_color=\u00a0\u00bb#ffffff\u00a0\u00bb header_2_font=\u00a0\u00bb||||||||\u00a0\u00bb header_2_text_color=\u00a0\u00bb#ffffff\u00a0\u00bb background_color=\u00a0\u00bb#E54217&Prime; custom_margin=\u00a0\u00bb30%|||10%\u00a0\u00bb custom_padding=\u00a0\u00bb10px||3px|10px|false\u00a0\u00bb]<\/p>\n<h1>Secteur 1<\/h1>\n<p>(60 \/ 27 \/ 78 \/ 95 \/ 76 et limitrophes)<\/p>\n<h2>Mr Guillaume Adam<\/h2>\n<p>06 08 45 17 37<\/p>\n<p>[\/et_pb_text][\/et_pb_column][et_pb_column type=\u00a0\u00bb1_2&Prime; _builder_version=\u00a0\u00bb3.19.13&Prime;][et_pb_image src=\u00a0\u00bbhttps:\/\/spirrel.com\/picarbure\/wp-content\/uploads\/2019\/03\/carte-picarbure-01-8.png\u00a0\u00bb force_fullwidth=\u00a0\u00bbon\u00a0\u00bb _builder_version=\u00a0\u00bb3.21.1&Prime;][\/et_pb_image][\/et_pb_column][et_pb_column type=\u00a0\u00bb1_4&Prime; _builder_version=\u00a0\u00bb3.19.13&Prime;][et_pb_text _builder_version=\u00a0\u00bb3.19.13&Prime; text_font=\u00a0\u00bbLobster||||||||\u00a0\u00bb text_text_color=\u00a0\u00bb#ffffff\u00a0\u00bb header_font=\u00a0\u00bbLobster||||||||\u00a0\u00bb header_text_color=\u00a0\u00bb#ffffff\u00a0\u00bb header_2_font=\u00a0\u00bb||||||||\u00a0\u00bb header_2_text_color=\u00a0\u00bb#ffffff\u00a0\u00bb background_color=\u00a0\u00bb#5b7bbc\u00a0\u00bb custom_margin=\u00a0\u00bb15%|||-30px\u00a0\u00bb custom_padding=\u00a0\u00bb10px||3px|10px|false\u00a0\u00bb]<\/p>\n<h1>Secteur 2<\/h1>\n<p>(80 \/ 62 \/ 59 \/ 08 \/ 02 et limitrophes \/ Belgique)<\/p>\n<h2>Mr Fran\u00e7ois Deflorenne<\/h2>\n<p>06 07 17 43 46<\/p>\n<p>[\/et_pb_text][et_pb_text _builder_version=\u00a0\u00bb3.19.13&Prime; text_font=\u00a0\u00bbLobster||||||||\u00a0\u00bb text_text_color=\u00a0\u00bb#4c2514&Prime; header_font=\u00a0\u00bbLobster||||||||\u00a0\u00bb header_text_color=\u00a0\u00bb#4c2514&Prime; header_2_font=\u00a0\u00bb||||||||\u00a0\u00bb header_2_text_color=\u00a0\u00bb#4c2514&Prime; background_color=\u00a0\u00bb#D8C11D\u00a0\u00bb custom_margin=\u00a0\u00bb|||-30px\u00a0\u00bb custom_padding=\u00a0\u00bb10px|10px|3px|10px|false\u00a0\u00bb]<\/p>\n<h1>Secteur 3<\/h1>\n<p>(68 \/ 67 \/ 54 \/ 55 \/ 57 \/ 88 \/ 52 \/ 51 \/ 10 \/ 89 \/ 77 \/ 91 et limitrophes)<\/p>\n<h2>Mme Sophie Poulet<\/h2>\n<p>06 80 00 58 42<\/p>\n<p>[\/et_pb_text][\/et_pb_column][\/et_pb_row][\/et_pb_section][et_pb_section fb_built=\u00a0\u00bb1&Prime; _builder_version=\u00a0\u00bb3.19.13&Prime; custom_padding=\u00a0\u00bb0|0px|76.1167px|0px|false|false\u00a0\u00bb][et_pb_row custom_padding=\u00a0\u00bb38.05px|0px|0|0px|false|false\u00a0\u00bb _builder_version=\u00a0\u00bb3.19.13&Prime;][et_pb_column type=\u00a0\u00bb4_4&Prime; _builder_version=\u00a0\u00bb3.19.13&Prime;][et_pb_text _builder_version=\u00a0\u00bb3.19.18&Prime; text_font=\u00a0\u00bbLobster||||||||\u00a0\u00bb text_text_color=\u00a0\u00bb#ffffff\u00a0\u00bb text_font_size=\u00a0\u00bb17px\u00a0\u00bb header_font=\u00a0\u00bbLobster||||||||\u00a0\u00bb header_text_color=\u00a0\u00bb#ffffff\u00a0\u00bb header_2_font=\u00a0\u00bb||||||||\u00a0\u00bb header_2_text_color=\u00a0\u00bb#ffffff\u00a0\u00bb header_2_font_size=\u00a0\u00bb22px\u00a0\u00bb background_color=\u00a0\u00bb#5b7bbc\u00a0\u00bb max_width=\u00a0\u00bb22%\u00a0\u00bb custom_margin=\u00a0\u00bb||0px\u00a0\u00bb custom_padding=\u00a0\u00bb10px||3px|10px|false\u00a0\u00bb]<\/p>\n<h2>Formulaire de contact<\/h2>\n<p>[\/et_pb_text][\/et_pb_column][\/et_pb_row][et_pb_row custom_padding=\u00a0\u00bb0|0px|40px|0px|false|false\u00a0\u00bb _builder_version=\u00a0\u00bb3.21.1&Prime;][et_pb_column type=\u00a0\u00bb1_2&Prime; _builder_version=\u00a0\u00bb3.19.13&Prime;][et_pb_contact_form email=\u00a0\u00bbmaxime.malherbe.60@gmail.com\u00a0\u00bb success_message=\u00a0\u00bbVotre message a bien \u00e9t\u00e9 envoy\u00e9 !\u00a0\u00bb submit_button_text=\u00a0\u00bbEnvoyer\u00a0\u00bb form_background_color=\u00a0\u00bb#D5DDEE\u00a0\u00bb _builder_version=\u00a0\u00bb3.21.1&Prime; form_field_font=\u00a0\u00bb||||||||\u00a0\u00bb form_field_text_color=\u00a0\u00bb#e6e7ed\u00a0\u00bb custom_button=\u00a0\u00bbon\u00a0\u00bb button_text_color=\u00a0\u00bb#ffffff\u00a0\u00bb button_bg_color=\u00a0\u00bb#a0c65d\u00a0\u00bb button_border_color=\u00a0\u00bb#ffffff\u00a0\u00bb button_border_radius=\u00a0\u00bb0px\u00a0\u00bb button_font=\u00a0\u00bb||||||||\u00a0\u00bb button_use_icon=\u00a0\u00bboff\u00a0\u00bb custom_margin=\u00a0\u00bb5vh||\u00a0\u00bb custom_padding=\u00a0\u00bb|||3vh\u00a0\u00bb button_bg_color__hover_enabled=\u00a0\u00bbon\u00a0\u00bb button_bg_color__hover=\u00a0\u00bb#a0c65d\u00a0\u00bb button_border_color__hover_enabled=\u00a0\u00bbon\u00a0\u00bb button_border_color__hover=\u00a0\u00bb#a0c65d\u00a0\u00bb][et_pb_contact_field field_id=\u00a0\u00bbName\u00a0\u00bb field_title=\u00a0\u00bbNom\u00a0\u00bb field_background_color=\u00a0\u00bb#D5DDEE\u00a0\u00bb _builder_version=\u00a0\u00bb3.21.1&Prime; form_field_font=\u00a0\u00bb||||||||\u00a0\u00bb form_field_text_color=\u00a0\u00bb#5b7bbc\u00a0\u00bb border_radii=\u00a0\u00bbon||||\u00a0\u00bb button_text_size__hover_enabled=\u00a0\u00bboff\u00a0\u00bb button_one_text_size__hover_enabled=\u00a0\u00bboff\u00a0\u00bb button_two_text_size__hover_enabled=\u00a0\u00bboff\u00a0\u00bb button_text_color__hover_enabled=\u00a0\u00bboff\u00a0\u00bb button_one_text_color__hover_enabled=\u00a0\u00bboff\u00a0\u00bb button_two_text_color__hover_enabled=\u00a0\u00bboff\u00a0\u00bb button_border_width__hover_enabled=\u00a0\u00bboff\u00a0\u00bb button_one_border_width__hover_enabled=\u00a0\u00bboff\u00a0\u00bb button_two_border_width__hover_enabled=\u00a0\u00bboff\u00a0\u00bb button_border_color__hover_enabled=\u00a0\u00bboff\u00a0\u00bb button_one_border_color__hover_enabled=\u00a0\u00bboff\u00a0\u00bb button_two_border_color__hover_enabled=\u00a0\u00bboff\u00a0\u00bb button_border_radius__hover_enabled=\u00a0\u00bboff\u00a0\u00bb button_one_border_radius__hover_enabled=\u00a0\u00bboff\u00a0\u00bb button_two_border_radius__hover_enabled=\u00a0\u00bboff\u00a0\u00bb button_letter_spacing__hover_enabled=\u00a0\u00bboff\u00a0\u00bb button_one_letter_spacing__hover_enabled=\u00a0\u00bboff\u00a0\u00bb button_two_letter_spacing__hover_enabled=\u00a0\u00bboff\u00a0\u00bb button_bg_color__hover_enabled=\u00a0\u00bboff\u00a0\u00bb button_one_bg_color__hover_enabled=\u00a0\u00bboff\u00a0\u00bb button_two_bg_color__hover_enabled=\u00a0\u00bboff\u00a0\u00bb][\/et_pb_contact_field][et_pb_contact_field field_id=\u00a0\u00bbEmail\u00a0\u00bb field_title=\u00a0\u00bbAdresse e-mail\u00a0\u00bb field_type=\u00a0\u00bbemail\u00a0\u00bb field_background_color=\u00a0\u00bb#D5DDEE\u00a0\u00bb _builder_version=\u00a0\u00bb3.21.1&Prime; form_field_font=\u00a0\u00bb||||||||\u00a0\u00bb form_field_text_color=\u00a0\u00bb#5b7bbc\u00a0\u00bb border_radii=\u00a0\u00bbon||||\u00a0\u00bb button_text_size__hover_enabled=\u00a0\u00bboff\u00a0\u00bb button_one_text_size__hover_enabled=\u00a0\u00bboff\u00a0\u00bb button_two_text_size__hover_enabled=\u00a0\u00bboff\u00a0\u00bb button_text_color__hover_enabled=\u00a0\u00bboff\u00a0\u00bb button_one_text_color__hover_enabled=\u00a0\u00bboff\u00a0\u00bb button_two_text_color__hover_enabled=\u00a0\u00bboff\u00a0\u00bb button_border_width__hover_enabled=\u00a0\u00bboff\u00a0\u00bb button_one_border_width__hover_enabled=\u00a0\u00bboff\u00a0\u00bb button_two_border_width__hover_enabled=\u00a0\u00bboff\u00a0\u00bb button_border_color__hover_enabled=\u00a0\u00bboff\u00a0\u00bb button_one_border_color__hover_enabled=\u00a0\u00bboff\u00a0\u00bb button_two_border_color__hover_enabled=\u00a0\u00bboff\u00a0\u00bb button_border_radius__hover_enabled=\u00a0\u00bboff\u00a0\u00bb button_one_border_radius__hover_enabled=\u00a0\u00bboff\u00a0\u00bb button_two_border_radius__hover_enabled=\u00a0\u00bboff\u00a0\u00bb button_letter_spacing__hover_enabled=\u00a0\u00bboff\u00a0\u00bb button_one_letter_spacing__hover_enabled=\u00a0\u00bboff\u00a0\u00bb button_two_letter_spacing__hover_enabled=\u00a0\u00bboff\u00a0\u00bb button_bg_color__hover_enabled=\u00a0\u00bboff\u00a0\u00bb button_one_bg_color__hover_enabled=\u00a0\u00bboff\u00a0\u00bb button_two_bg_color__hover_enabled=\u00a0\u00bboff\u00a0\u00bb][\/et_pb_contact_field][et_pb_contact_field field_id=\u00a0\u00bbphone\u00a0\u00bb field_title=\u00a0\u00bbT\u00e9l\u00e9phone\u00a0\u00bb required_mark=\u00a0\u00bboff\u00a0\u00bb fullwidth_field=\u00a0\u00bbon\u00a0\u00bb _builder_version=\u00a0\u00bb3.21.1&Prime; form_field_font=\u00a0\u00bb||||||||\u00a0\u00bb form_field_text_color=\u00a0\u00bb#5b7bbc\u00a0\u00bb][\/et_pb_contact_field][et_pb_contact_field field_id=\u00a0\u00bbMessage\u00a0\u00bb field_title=\u00a0\u00bbMessage\u00a0\u00bb field_type=\u00a0\u00bbtext\u00a0\u00bb fullwidth_field=\u00a0\u00bbon\u00a0\u00bb field_background_color=\u00a0\u00bb#D5DDEE\u00a0\u00bb _builder_version=\u00a0\u00bb3.20.1&Prime; form_field_font=\u00a0\u00bb||||||||\u00a0\u00bb form_field_text_color=\u00a0\u00bb#5b7bbc\u00a0\u00bb border_radii=\u00a0\u00bbon||||\u00a0\u00bb button_text_size__hover_enabled=\u00a0\u00bboff\u00a0\u00bb button_one_text_size__hover_enabled=\u00a0\u00bboff\u00a0\u00bb button_two_text_size__hover_enabled=\u00a0\u00bboff\u00a0\u00bb button_text_color__hover_enabled=\u00a0\u00bboff\u00a0\u00bb button_one_text_color__hover_enabled=\u00a0\u00bboff\u00a0\u00bb button_two_text_color__hover_enabled=\u00a0\u00bboff\u00a0\u00bb button_border_width__hover_enabled=\u00a0\u00bboff\u00a0\u00bb button_one_border_width__hover_enabled=\u00a0\u00bboff\u00a0\u00bb button_two_border_width__hover_enabled=\u00a0\u00bboff\u00a0\u00bb button_border_color__hover_enabled=\u00a0\u00bboff\u00a0\u00bb button_one_border_color__hover_enabled=\u00a0\u00bboff\u00a0\u00bb button_two_border_color__hover_enabled=\u00a0\u00bboff\u00a0\u00bb button_border_radius__hover_enabled=\u00a0\u00bboff\u00a0\u00bb button_one_border_radius__hover_enabled=\u00a0\u00bboff\u00a0\u00bb button_two_border_radius__hover_enabled=\u00a0\u00bboff\u00a0\u00bb button_letter_spacing__hover_enabled=\u00a0\u00bboff\u00a0\u00bb button_one_letter_spacing__hover_enabled=\u00a0\u00bboff\u00a0\u00bb button_two_letter_spacing__hover_enabled=\u00a0\u00bboff\u00a0\u00bb button_bg_color__hover_enabled=\u00a0\u00bboff\u00a0\u00bb button_one_bg_color__hover_enabled=\u00a0\u00bboff\u00a0\u00bb button_two_bg_color__hover_enabled=\u00a0\u00bboff\u00a0\u00bb][\/et_pb_contact_field][\/et_pb_contact_form][\/et_pb_column][et_pb_column type=\u00a0\u00bb1_2&Prime; _builder_version=\u00a0\u00bb3.19.13&Prime;][et_pb_image src=\u00a0\u00bbhttps:\/\/spirrel.com\/picarbure\/wp-content\/uploads\/2019\/02\/mail-et-campagne-2.png\u00a0\u00bb _builder_version=\u00a0\u00bb3.19.13&Prime; max_width=\u00a0\u00bb80%\u00a0\u00bb module_alignment=\u00a0\u00bbcenter\u00a0\u00bb custom_margin=\u00a0\u00bb4vh|||\u00a0\u00bb][\/et_pb_image][\/et_pb_column][\/et_pb_row][\/et_pb_section]<\/p>\n","protected":false},"excerpt":{"rendered":"<p>[et_pb_section fb_built=\u00a0\u00bb1&Prime; _builder_version=\u00a0\u00bb3.19.13&Prime; custom_padding=\u00a0\u00bb50px|0px|50px|0px|false|false\u00a0\u00bb][et_pb_row custom_padding=\u00a0\u00bb0|0px|0|0px|false|false\u00a0\u00bb _builder_version=\u00a0\u00bb3.19.13&Prime;][et_pb_column type=\u00a0\u00bb4_4&Prime; _builder_version=\u00a0\u00bb3.19.11&Prime;][et_pb_text _builder_version=\u00a0\u00bb3.19.13&Prime; text_font=\u00a0\u00bb||||||||\u00a0\u00bb header_font=\u00a0\u00bbLobster||||||||\u00a0\u00bb header_text_color=\u00a0\u00bb#ffffff\u00a0\u00bb background_color=\u00a0\u00bb#5b7bbc\u00a0\u00bb custom_padding=\u00a0\u00bb10px||3px|10px|false\u00a0\u00bb] Nous contacter [\/et_pb_text][\/et_pb_column][\/et_pb_row][\/et_pb_section][et_pb_section fb_built=\u00a0\u00bb1&Prime; _builder_version=\u00a0\u00bb3.19.13&Prime; custom_padding=\u00a0\u00bb0|0px|0|0px|false|false\u00a0\u00bb][et_pb_row custom_padding=\u00a0\u00bb0|0px|18px|0px|false|false\u00a0\u00bb background_color_1=\u00a0\u00bb#e6e7ed\u00a0\u00bb background_color_2=\u00a0\u00bb#e6e7ed\u00a0\u00bb custom_css_main_1=\u00a0\u00bbwidth: 25%;\u00a0\u00bb custom_css_main_2=\u00a0\u00bbwidth: 25%;\u00a0\u00bb custom_css_main_3=\u00a0\u00bbwidth: 50%;\u00a0\u00bb _builder_version=\u00a0\u00bb3.19.17&Prime;][et_pb_column type=\u00a0\u00bb1_3&Prime; _builder_version=\u00a0\u00bb3.19.13&Prime;][et_pb_text _builder_version=\u00a0\u00bb3.19.13&Prime; text_font=\u00a0\u00bb||||||||\u00a0\u00bb text_font_size=\u00a0\u00bb18px\u00a0\u00bb custom_padding=\u00a0\u00bb1vh|1vh|1vh|1vh\u00a0\u00bb] \u00a0 03 44 13 28 82 \u00a0 03 44 13 29 98 picarbure-services@wanadoo.fr [\/et_pb_text][et_pb_text _builder_version=\u00a0\u00bb3.19.13&Prime; text_font=\u00a0\u00bbLobster||||||||\u00a0\u00bb text_text_color=\u00a0\u00bb#ffffff\u00a0\u00bb text_font_size=\u00a0\u00bb17px\u00a0\u00bb header_font=\u00a0\u00bbLobster||||||||\u00a0\u00bb [&hellip;]<\/p>\n","protected":false},"author":1,"featured_media":0,"parent":0,"menu_order":0,"comment_status":"closed","ping_status":"closed","template":"","meta":{"_et_pb_use_builder":"on","_et_pb_old_content":"","_et_gb_content_width":""},"_links":{"self":[{"href":"https:\/\/spirrel.com\/picarbure\/wp-json\/wp\/v2\/pages\/2375"}],"collection":[{"href":"https:\/\/spirrel.com\/picarbure\/wp-json\/wp\/v2\/pages"}],"about":[{"href":"https:\/\/spirrel.com\/picarbure\/wp-json\/wp\/v2\/types\/page"}],"author":[{"embeddable":true,"href":"https:\/\/spirrel.com\/picarbure\/wp-json\/wp\/v2\/users\/1"}],"replies":[{"embeddable":true,"href":"https:\/\/spirrel.com\/picarbure\/wp-json\/wp\/v2\/comments?post=2375"}],"version-history":[{"count":75,"href":"https:\/\/spirrel.com\/picarbure\/wp-json\/wp\/v2\/pages\/2375\/revisions"}],"predecessor-version":[{"id":5772,"href":"https:\/\/spirrel.com\/picarbure\/wp-json\/wp\/v2\/pages\/2375\/revisions\/5772"}],"wp:attachment":[{"href":"https:\/\/spirrel.com\/picarbure\/wp-json\/wp\/v2\/media?parent=2375"}],"curies":[{"name":"wp","href":"https:\/\/api.w.org\/{rel}","templated":true}]}}