{"id":2580,"date":"2019-02-06T22:01:48","date_gmt":"2019-02-06T21:01:48","guid":{"rendered":"https:\/\/spirrel.com\/picarbure\/?page_id=2580"},"modified":"2019-03-06T17:49:23","modified_gmt":"2019-03-06T16:49:23","slug":"notre-atelier","status":"publish","type":"page","link":"https:\/\/spirrel.com\/picarbure\/notre-atelier\/","title":{"rendered":"Notre atelier"},"content":{"rendered":"<p>[et_pb_section fb_built=\u00a0\u00bb1&Prime; _builder_version=\u00a0\u00bb3.19.11&Prime; custom_padding=\u00a0\u00bb50px|0px|50px|0px|false|false\u00a0\u00bb][et_pb_row custom_padding=\u00a0\u00bb0|0px|0|0px|false|false\u00a0\u00bb _builder_version=\u00a0\u00bb3.19.13&Prime;][et_pb_column type=\u00a0\u00bb4_4&Prime; _builder_version=\u00a0\u00bb3.19.11&Prime;][et_pb_text _builder_version=\u00a0\u00bb3.19.13&Prime; text_font=\u00a0\u00bb||||||||\u00a0\u00bb header_font=\u00a0\u00bbLobster||||||||\u00a0\u00bb header_text_color=\u00a0\u00bb#ffffff\u00a0\u00bb background_color=\u00a0\u00bb#5b7bbc\u00a0\u00bb custom_padding=\u00a0\u00bb10px||3px|10px|false\u00a0\u00bb]<\/p>\n<h1>Notre atelier<\/h1>\n<p>[\/et_pb_text][\/et_pb_column][\/et_pb_row][\/et_pb_section][et_pb_section fb_built=\u00a0\u00bb1&Prime; specialty=\u00a0\u00bbon\u00a0\u00bb _builder_version=\u00a0\u00bb3.19.13&Prime; custom_padding=\u00a0\u00bb0|0px|0|0px|false|false\u00a0\u00bb][et_pb_column type=\u00a0\u00bb3_4&Prime; specialty_columns=\u00a0\u00bb3&Prime; _builder_version=\u00a0\u00bb3.0.47&Prime;][et_pb_row_inner custom_padding=\u00a0\u00bb18px|0px|41.85px|0px|false|false\u00a0\u00bb _builder_version=\u00a0\u00bb3.19.13&Prime;][et_pb_column_inner type=\u00a0\u00bb4_4&Prime; saved_specialty_column_type=\u00a0\u00bb3_4&Prime; _builder_version=\u00a0\u00bb3.0.47&Prime;][et_pb_text _builder_version=\u00a0\u00bb3.19.13&Prime; text_font=\u00a0\u00bbCatamaran||||||||\u00a0\u00bb text_text_color=\u00a0\u00bb#4C2514&Prime; text_font_size=\u00a0\u00bb17px\u00a0\u00bb background_color=\u00a0\u00bb#e6e7ed\u00a0\u00bb box_shadow_style=\u00a0\u00bbpreset4&Prime; box_shadow_horizontal=\u00a0\u00bb-31px\u00a0\u00bb box_shadow_vertical=\u00a0\u00bb-24px\u00a0\u00bb box_shadow_spread=\u00a0\u00bb-8px\u00a0\u00bb box_shadow_color=\u00a0\u00bb#E87B6D\u00a0\u00bb custom_padding=\u00a0\u00bb2vh|2vh|2vh|4vh|true\u00a0\u00bb]<\/p>\n<p style=\"text-align: justify;\">Fabrication, prestation de services, r\u00e9novation de toutes pi\u00e8ces de toutes marques.<\/p>\n<p style=\"text-align: justify;\">Que ce soit \u00e0 partir d&rsquo;acier sp\u00e9ciaux ou de supports issus de forges, nos pi\u00e8ces sont \u00e9labor\u00e9es de A \u00e0 Z.<\/p>\n<p style=\"text-align: justify;\">Notre stock de mati\u00e8re premi\u00e8re, acier, supports, plaquettes carbure, nous permet d&rsquo;etre r\u00e9actif.<\/p>\n<p style=\"text-align: justify;\">L&rsquo;\u00e9quipement de notre atelier nous permet d&rsquo;effectuer un travail de qualit\u00e9.<\/p>\n<p style=\"text-align: justify;\">La flexibilit\u00e9 de notre structure nous permet d&rsquo;effectuer des s\u00e9ries sp\u00e9ciales adapt\u00e9es aux besoins des clients.<\/p>\n<p style=\"text-align: justify;\">Pour toutes demandes sp\u00e9cifiques, n&rsquo;h\u00e9sitez pas \u00e0 nous contacter.<\/p>\n<p>[\/et_pb_text][\/et_pb_column_inner][\/et_pb_row_inner][et_pb_row_inner custom_padding=\u00a0\u00bb0|0px|0|0px|false|false\u00a0\u00bb use_custom_gutter=\u00a0\u00bbon\u00a0\u00bb _builder_version=\u00a0\u00bb3.19.13&Prime;][et_pb_column_inner type=\u00a0\u00bb1_2&Prime; saved_specialty_column_type=\u00a0\u00bb3_4&Prime; _builder_version=\u00a0\u00bb3.0.47&Prime;][et_pb_text _builder_version=\u00a0\u00bb3.19.13&Prime; text_font=\u00a0\u00bb||||||||\u00a0\u00bb header_font=\u00a0\u00bbLobster||||||||\u00a0\u00bb header_text_color=\u00a0\u00bb#ffffff\u00a0\u00bb header_2_font=\u00a0\u00bbLobster||||||||\u00a0\u00bb header_2_text_color=\u00a0\u00bb#ffffff\u00a0\u00bb background_color=\u00a0\u00bb#a0c65d\u00a0\u00bb custom_margin=\u00a0\u00bb||0px|8vh\u00a0\u00bb custom_padding=\u00a0\u00bb10px||0px|10px\u00a0\u00bb]<\/p>\n<h2>Fraisage d&rsquo;un soc \u00e0 carrelet<\/h2>\n<p>[\/et_pb_text][et_pb_image src=\u00a0\u00bbhttps:\/\/spirrel.com\/picarbure\/wp-content\/uploads\/2019\/02\/fraisage-dun-soc-carrelet.jpg\u00a0\u00bb show_in_lightbox=\u00a0\u00bbon\u00a0\u00bb _builder_version=\u00a0\u00bb3.19.13&Prime; background_color=\u00a0\u00bb#e8dfc0&Prime; box_shadow_style=\u00a0\u00bbpreset4&Prime; box_shadow_horizontal=\u00a0\u00bb-23px\u00a0\u00bb box_shadow_vertical=\u00a0\u00bb22px\u00a0\u00bb box_shadow_color=\u00a0\u00bb#a0c65d\u00a0\u00bb custom_margin=\u00a0\u00bb|||8vh\u00a0\u00bb][\/et_pb_image][\/et_pb_column_inner][et_pb_column_inner type=\u00a0\u00bb1_2&Prime; saved_specialty_column_type=\u00a0\u00bb3_4&Prime; _builder_version=\u00a0\u00bb3.0.47&Prime;][et_pb_text _builder_version=\u00a0\u00bb3.19.18&Prime; text_font=\u00a0\u00bb||||||||\u00a0\u00bb header_font=\u00a0\u00bbLobster||||||||\u00a0\u00bb header_text_color=\u00a0\u00bb#ffffff\u00a0\u00bb header_2_font=\u00a0\u00bbLobster||||||||\u00a0\u00bb header_2_text_color=\u00a0\u00bb#ffffff\u00a0\u00bb background_color=\u00a0\u00bb#e87b6d\u00a0\u00bb max_width=\u00a0\u00bb80%\u00a0\u00bb custom_margin=\u00a0\u00bb||0px|8vh\u00a0\u00bb custom_padding=\u00a0\u00bb10px||0px|10px\u00a0\u00bb custom_margin_last_edited=\u00a0\u00bbon|desktop\u00a0\u00bb custom_margin_tablet=\u00a0\u00bb3vh||\u00a0\u00bb]<\/p>\n<h2>Patin de semoir au carbure renforc\u00e9<\/h2>\n<p>[\/et_pb_text][et_pb_image src=\u00a0\u00bbhttps:\/\/spirrel.com\/picarbure\/wp-content\/uploads\/2019\/02\/patin-de-semoir-carbure-renforc\u00e9-1.jpg\u00a0\u00bb show_in_lightbox=\u00a0\u00bbon\u00a0\u00bb _builder_version=\u00a0\u00bb3.19.13&Prime; background_color=\u00a0\u00bb#e8dfc0&Prime; box_shadow_style=\u00a0\u00bbpreset4&Prime; box_shadow_horizontal=\u00a0\u00bb23px\u00a0\u00bb box_shadow_vertical=\u00a0\u00bb22px\u00a0\u00bb box_shadow_color=\u00a0\u00bb#e87b6d\u00a0\u00bb max_width=\u00a0\u00bb53%\u00a0\u00bb custom_margin=\u00a0\u00bb|||8vh\u00a0\u00bb][\/et_pb_image][\/et_pb_column_inner][\/et_pb_row_inner][\/et_pb_column][et_pb_column type=\u00a0\u00bb1_4&Prime; _builder_version=\u00a0\u00bb3.0.47&Prime;][et_pb_text _builder_version=\u00a0\u00bb3.19.18&Prime; text_font=\u00a0\u00bb||||||||\u00a0\u00bb header_font=\u00a0\u00bbLobster||||||||\u00a0\u00bb header_text_color=\u00a0\u00bb#ffffff\u00a0\u00bb header_2_font=\u00a0\u00bbLobster||||||||\u00a0\u00bb header_2_text_color=\u00a0\u00bb#ffffff\u00a0\u00bb background_color=\u00a0\u00bb#ffa654&Prime; custom_margin=\u00a0\u00bb||0px\u00a0\u00bb custom_padding=\u00a0\u00bb10px||0px|10px\u00a0\u00bb hover_enabled=\u00a0\u00bb0&Prime; custom_margin_last_edited=\u00a0\u00bbon|tablet\u00a0\u00bb custom_margin_tablet=\u00a0\u00bb3vh||\u00a0\u00bb]<\/p>\n<h2>Brasage de plaquettes de carbure<\/h2>\n<p>[\/et_pb_text][et_pb_video src=\u00a0\u00bbhttps:\/\/spirrel.com\/picarbure\/wp-content\/uploads\/2019\/02\/brasage-de-plaquettes-carbure.mp4&Prime; _builder_version=\u00a0\u00bb3.19.13&Prime; box_shadow_style=\u00a0\u00bbpreset4&Prime; box_shadow_horizontal=\u00a0\u00bb-20px\u00a0\u00bb box_shadow_vertical=\u00a0\u00bb20px\u00a0\u00bb box_shadow_color=\u00a0\u00bb#ffa654&Prime; max_width=\u00a0\u00bb85%\u00a0\u00bb][\/et_pb_video][\/et_pb_column][\/et_pb_section][et_pb_section fb_built=\u00a0\u00bb1&Prime; _builder_version=\u00a0\u00bb3.19.13&Prime; custom_padding=\u00a0\u00bb0|0px|50px|0px|false|false\u00a0\u00bb][et_pb_row custom_padding=\u00a0\u00bb38px|0px|17px|0px|false|false\u00a0\u00bb custom_margin=\u00a0\u00bb||50px\u00a0\u00bb _builder_version=\u00a0\u00bb3.19.13&Prime;][et_pb_column type=\u00a0\u00bb1_3&Prime; _builder_version=\u00a0\u00bb3.19.13&Prime;][et_pb_text _builder_version=\u00a0\u00bb3.19.18&Prime; text_font=\u00a0\u00bb||||||||\u00a0\u00bb header_font=\u00a0\u00bbLobster||||||||\u00a0\u00bb header_text_color=\u00a0\u00bb#ffffff\u00a0\u00bb header_2_font=\u00a0\u00bbLobster||||||||\u00a0\u00bb header_2_text_color=\u00a0\u00bb#ffffff\u00a0\u00bb background_color=\u00a0\u00bb#ffa654&Prime; max_width=\u00a0\u00bb69%\u00a0\u00bb custom_margin=\u00a0\u00bb-5vh||0px|8vh\u00a0\u00bb custom_padding=\u00a0\u00bb10px||0px|10px\u00a0\u00bb hover_enabled=\u00a0\u00bb0&Prime; custom_margin_last_edited=\u00a0\u00bbon|tablet\u00a0\u00bb custom_margin_tablet=\u00a0\u00bb2vh||\u00a0\u00bb]<\/p>\n<h2>Brasage de plaquettes carbure<\/h2>\n<p>[\/et_pb_text][et_pb_image src=\u00a0\u00bbhttps:\/\/spirrel.com\/picarbure\/wp-content\/uploads\/2019\/02\/pose-de-plaquettes.jpg\u00a0\u00bb show_in_lightbox=\u00a0\u00bbon\u00a0\u00bb _builder_version=\u00a0\u00bb3.19.13&Prime; background_color=\u00a0\u00bb#e8dfc0&Prime; box_shadow_style=\u00a0\u00bbpreset4&Prime; box_shadow_horizontal=\u00a0\u00bb23px\u00a0\u00bb box_shadow_vertical=\u00a0\u00bb22px\u00a0\u00bb box_shadow_color=\u00a0\u00bb#ffa654&Prime; custom_margin=\u00a0\u00bb|||8vh\u00a0\u00bb][\/et_pb_image][\/et_pb_column][et_pb_column type=\u00a0\u00bb1_3&Prime; _builder_version=\u00a0\u00bb3.19.13&Prime;][et_pb_text _builder_version=\u00a0\u00bb3.19.13&Prime; text_font=\u00a0\u00bb||||||||\u00a0\u00bb header_font=\u00a0\u00bbLobster||||||||\u00a0\u00bb header_text_color=\u00a0\u00bb#ffffff\u00a0\u00bb header_2_font=\u00a0\u00bbLobster||||||||\u00a0\u00bb header_2_text_color=\u00a0\u00bb#ffffff\u00a0\u00bb background_color=\u00a0\u00bb#a0c65d\u00a0\u00bb max_width=\u00a0\u00bb69%\u00a0\u00bb custom_margin=\u00a0\u00bb30px||0px|8vh\u00a0\u00bb custom_padding=\u00a0\u00bb10px||0px|10px\u00a0\u00bb]<\/p>\n<h2>Soudure sur soc<\/h2>\n<p>[\/et_pb_text][et_pb_image src=\u00a0\u00bbhttps:\/\/spirrel.com\/picarbure\/wp-content\/uploads\/2019\/02\/soudure-2-3.jpg\u00a0\u00bb show_in_lightbox=\u00a0\u00bbon\u00a0\u00bb _builder_version=\u00a0\u00bb3.19.13&Prime; background_color=\u00a0\u00bb#e8dfc0&Prime; box_shadow_style=\u00a0\u00bbpreset4&Prime; box_shadow_horizontal=\u00a0\u00bb-22px\u00a0\u00bb box_shadow_vertical=\u00a0\u00bb22px\u00a0\u00bb box_shadow_color=\u00a0\u00bb#a0c65d\u00a0\u00bb custom_margin=\u00a0\u00bb|||8vh\u00a0\u00bb][\/et_pb_image][\/et_pb_column][et_pb_column type=\u00a0\u00bb1_3&Prime; _builder_version=\u00a0\u00bb3.19.13&Prime;][et_pb_text _builder_version=\u00a0\u00bb3.19.18&Prime; text_font=\u00a0\u00bb||||||||\u00a0\u00bb header_font=\u00a0\u00bbLobster||||||||\u00a0\u00bb header_text_color=\u00a0\u00bb#ffffff\u00a0\u00bb header_2_font=\u00a0\u00bbLobster||||||||\u00a0\u00bb header_2_text_color=\u00a0\u00bb#ffffff\u00a0\u00bb background_color=\u00a0\u00bb#e87b6d\u00a0\u00bb max_width=\u00a0\u00bb59%\u00a0\u00bb custom_margin=\u00a0\u00bb-10vh||0px|8vh\u00a0\u00bb custom_padding=\u00a0\u00bb10px||0px|10px\u00a0\u00bb hover_enabled=\u00a0\u00bb0&Prime; custom_margin_last_edited=\u00a0\u00bbon|tablet\u00a0\u00bb custom_margin_tablet=\u00a0\u00bb3vh||\u00a0\u00bb]<\/p>\n<h2>fabrication d&rsquo;une herse train\u00e9e en acier<\/h2>\n<p>[\/et_pb_text][et_pb_image src=\u00a0\u00bbhttps:\/\/spirrel.com\/picarbure\/wp-content\/uploads\/2019\/02\/fabrication-dune-herse-train\u00e9e-en-acier.jpg\u00a0\u00bb show_in_lightbox=\u00a0\u00bbon\u00a0\u00bb show_bottom_space=\u00a0\u00bboff\u00a0\u00bb _builder_version=\u00a0\u00bb3.19.13&Prime; background_color=\u00a0\u00bb#e8dfc0&Prime; box_shadow_style=\u00a0\u00bbpreset4&Prime; box_shadow_horizontal=\u00a0\u00bb23px\u00a0\u00bb box_shadow_vertical=\u00a0\u00bb22px\u00a0\u00bb box_shadow_color=\u00a0\u00bb#e87b6d\u00a0\u00bb max_width=\u00a0\u00bb39%\u00a0\u00bb custom_margin=\u00a0\u00bb|||8vh\u00a0\u00bb][\/et_pb_image][\/et_pb_column][\/et_pb_row][\/et_pb_section]<\/p>\n","protected":false},"excerpt":{"rendered":"<p>[et_pb_section fb_built=\u00a0\u00bb1&Prime; _builder_version=\u00a0\u00bb3.19.11&Prime; custom_padding=\u00a0\u00bb50px|0px|50px|0px|false|false\u00a0\u00bb][et_pb_row custom_padding=\u00a0\u00bb0|0px|0|0px|false|false\u00a0\u00bb _builder_version=\u00a0\u00bb3.19.13&Prime;][et_pb_column type=\u00a0\u00bb4_4&Prime; _builder_version=\u00a0\u00bb3.19.11&Prime;][et_pb_text _builder_version=\u00a0\u00bb3.19.13&Prime; text_font=\u00a0\u00bb||||||||\u00a0\u00bb header_font=\u00a0\u00bbLobster||||||||\u00a0\u00bb header_text_color=\u00a0\u00bb#ffffff\u00a0\u00bb background_color=\u00a0\u00bb#5b7bbc\u00a0\u00bb custom_padding=\u00a0\u00bb10px||3px|10px|false\u00a0\u00bb] Notre atelier [\/et_pb_text][\/et_pb_column][\/et_pb_row][\/et_pb_section][et_pb_section fb_built=\u00a0\u00bb1&Prime; specialty=\u00a0\u00bbon\u00a0\u00bb _builder_version=\u00a0\u00bb3.19.13&Prime; custom_padding=\u00a0\u00bb0|0px|0|0px|false|false\u00a0\u00bb][et_pb_column type=\u00a0\u00bb3_4&Prime; specialty_columns=\u00a0\u00bb3&Prime; _builder_version=\u00a0\u00bb3.0.47&Prime;][et_pb_row_inner custom_padding=\u00a0\u00bb18px|0px|41.85px|0px|false|false\u00a0\u00bb _builder_version=\u00a0\u00bb3.19.13&Prime;][et_pb_column_inner type=\u00a0\u00bb4_4&Prime; saved_specialty_column_type=\u00a0\u00bb3_4&Prime; _builder_version=\u00a0\u00bb3.0.47&Prime;][et_pb_text _builder_version=\u00a0\u00bb3.19.13&Prime; text_font=\u00a0\u00bbCatamaran||||||||\u00a0\u00bb text_text_color=\u00a0\u00bb#4C2514&Prime; text_font_size=\u00a0\u00bb17px\u00a0\u00bb background_color=\u00a0\u00bb#e6e7ed\u00a0\u00bb box_shadow_style=\u00a0\u00bbpreset4&Prime; box_shadow_horizontal=\u00a0\u00bb-31px\u00a0\u00bb box_shadow_vertical=\u00a0\u00bb-24px\u00a0\u00bb box_shadow_spread=\u00a0\u00bb-8px\u00a0\u00bb box_shadow_color=\u00a0\u00bb#E87B6D\u00a0\u00bb custom_padding=\u00a0\u00bb2vh|2vh|2vh|4vh|true\u00a0\u00bb] Fabrication, prestation de services, r\u00e9novation de toutes pi\u00e8ces de toutes marques. Que ce soit \u00e0 [&hellip;]<\/p>\n","protected":false},"author":1,"featured_media":0,"parent":0,"menu_order":0,"comment_status":"closed","ping_status":"closed","template":"","meta":{"_et_pb_use_builder":"on","_et_pb_old_content":"","_et_gb_content_width":""},"_links":{"self":[{"href":"https:\/\/spirrel.com\/picarbure\/wp-json\/wp\/v2\/pages\/2580"}],"collection":[{"href":"https:\/\/spirrel.com\/picarbure\/wp-json\/wp\/v2\/pages"}],"about":[{"href":"https:\/\/spirrel.com\/picarbure\/wp-json\/wp\/v2\/types\/page"}],"author":[{"embeddable":true,"href":"https:\/\/spirrel.com\/picarbure\/wp-json\/wp\/v2\/users\/1"}],"replies":[{"embeddable":true,"href":"https:\/\/spirrel.com\/picarbure\/wp-json\/wp\/v2\/comments?post=2580"}],"version-history":[{"count":62,"href":"https:\/\/spirrel.com\/picarbure\/wp-json\/wp\/v2\/pages\/2580\/revisions"}],"predecessor-version":[{"id":4919,"href":"https:\/\/spirrel.com\/picarbure\/wp-json\/wp\/v2\/pages\/2580\/revisions\/4919"}],"wp:attachment":[{"href":"https:\/\/spirrel.com\/picarbure\/wp-json\/wp\/v2\/media?parent=2580"}],"curies":[{"name":"wp","href":"https:\/\/api.w.org\/{rel}","templated":true}]}}