{"id":156,"date":"2018-12-14T18:03:48","date_gmt":"2018-12-14T17:03:48","guid":{"rendered":"https:\/\/spirrel.com\/picarbure\/?post_type=product&#038;p=156"},"modified":"2019-03-23T16:50:23","modified_gmt":"2019-03-23T15:50:23","slug":"bec-type-lemken-karat-etroit","status":"publish","type":"product","link":"https:\/\/spirrel.com\/picarbure\/produit\/bec-type-lemken-karat-etroit\/","title":{"rendered":"Bec type Lemken Karat \u00e9troit"},"content":{"rendered":"<p><b>R\u00e9f\u00e9rence :<\/b> Pic Beclemkarat2<\/p>\n<p><b>D\u00e9signation :<\/b> Bec type Lemken Karat \u00e9troit<\/p>\n<p><b>Marque :<\/b> Lemken<\/p>\n<p><strong>R\u00e9f\u00e9rence d&rsquo;origine :<\/strong> 3344442<\/p>\n","protected":false},"excerpt":{"rendered":"<p>Pic Beclemkarat2<\/p>\n","protected":false},"featured_media":4224,"comment_status":"closed","ping_status":"closed","template":"","meta":{"_et_pb_use_builder":"","_et_pb_old_content":"","_et_gb_content_width":""},"product_cat":[38,18,55],"product_tag":[],"_links":{"self":[{"href":"https:\/\/spirrel.com\/picarbure\/wp-json\/wp\/v2\/product\/156"}],"collection":[{"href":"https:\/\/spirrel.com\/picarbure\/wp-json\/wp\/v2\/product"}],"about":[{"href":"https:\/\/spirrel.com\/picarbure\/wp-json\/wp\/v2\/types\/product"}],"replies":[{"embeddable":true,"href":"https:\/\/spirrel.com\/picarbure\/wp-json\/wp\/v2\/comments?post=156"}],"wp:featuredmedia":[{"embeddable":true,"href":"https:\/\/spirrel.com\/picarbure\/wp-json\/wp\/v2\/media\/4224"}],"wp:attachment":[{"href":"https:\/\/spirrel.com\/picarbure\/wp-json\/wp\/v2\/media?parent=156"}],"wp:term":[{"taxonomy":"product_cat","embeddable":true,"href":"https:\/\/spirrel.com\/picarbure\/wp-json\/wp\/v2\/product_cat?post=156"},{"taxonomy":"product_tag","embeddable":true,"href":"https:\/\/spirrel.com\/picarbure\/wp-json\/wp\/v2\/product_tag?post=156"}],"curies":[{"name":"wp","href":"https:\/\/api.w.org\/{rel}","templated":true}]}}