{"id":173,"date":"2018-12-14T18:33:16","date_gmt":"2018-12-14T17:33:16","guid":{"rendered":"https:\/\/spirrel.com\/picarbure\/?post_type=product&#038;p=173"},"modified":"2019-03-23T16:34:30","modified_gmt":"2019-03-23T15:34:30","slug":"deflecteur-etroit","status":"publish","type":"product","link":"https:\/\/spirrel.com\/picarbure\/produit\/deflecteur-etroit\/","title":{"rendered":"D\u00e9flecteur \u00e9troit"},"content":{"rendered":"<p><b>R\u00e9f\u00e9rence :<\/b> Pic Def70<\/p>\n<p><b>D\u00e9signation :<\/b> Deflecteur \u00e9troit<\/p>\n<p><b>Marque :<\/b> Toutes marques<\/p>\n<p>&nbsp;<\/p>\n<p>D\u00e9flecteur \u00e9troit 70<\/p>\n","protected":false},"excerpt":{"rendered":"<p>Pic Def70<\/p>\n","protected":false},"featured_media":4216,"comment_status":"closed","ping_status":"closed","template":"","meta":{"_et_pb_use_builder":"","_et_pb_old_content":"","_et_gb_content_width":""},"product_cat":[18,40,57],"product_tag":[],"_links":{"self":[{"href":"https:\/\/spirrel.com\/picarbure\/wp-json\/wp\/v2\/product\/173"}],"collection":[{"href":"https:\/\/spirrel.com\/picarbure\/wp-json\/wp\/v2\/product"}],"about":[{"href":"https:\/\/spirrel.com\/picarbure\/wp-json\/wp\/v2\/types\/product"}],"replies":[{"embeddable":true,"href":"https:\/\/spirrel.com\/picarbure\/wp-json\/wp\/v2\/comments?post=173"}],"wp:featuredmedia":[{"embeddable":true,"href":"https:\/\/spirrel.com\/picarbure\/wp-json\/wp\/v2\/media\/4216"}],"wp:attachment":[{"href":"https:\/\/spirrel.com\/picarbure\/wp-json\/wp\/v2\/media?parent=173"}],"wp:term":[{"taxonomy":"product_cat","embeddable":true,"href":"https:\/\/spirrel.com\/picarbure\/wp-json\/wp\/v2\/product_cat?post=173"},{"taxonomy":"product_tag","embeddable":true,"href":"https:\/\/spirrel.com\/picarbure\/wp-json\/wp\/v2\/product_tag?post=173"}],"curies":[{"name":"wp","href":"https:\/\/api.w.org\/{rel}","templated":true}]}}