{"id":196,"date":"2018-12-15T12:19:47","date_gmt":"2018-12-15T11:19:47","guid":{"rendered":"https:\/\/spirrel.com\/picarbure\/?post_type=product&#038;p=196"},"modified":"2019-03-23T16:24:21","modified_gmt":"2019-03-23T15:24:21","slug":"pointe-a-carrelet-carbure-type-gregoire-et-besson-carre-de-30","status":"publish","type":"product","link":"https:\/\/spirrel.com\/picarbure\/produit\/pointe-a-carrelet-carbure-type-gregoire-et-besson-carre-de-30\/","title":{"rendered":"Pointe \u00e0 carrelet carbure type Gr\u00e9goire et besson carr\u00e9 de 30"},"content":{"rendered":"<p><b>R\u00e9f\u00e9rence :<\/b> Pic CGB 30<\/p>\n<p><b>D\u00e9signation :<\/b> Pointe \u00e0 carrelet carbure type Gr\u00e9goire et besson carr\u00e9 de 30<\/p>\n<p><b>Marque :<\/b> Gr\u00e9goire et Besson<\/p>\n","protected":false},"excerpt":{"rendered":"<p>Pic CGB 30<\/p>\n","protected":false},"featured_media":4315,"comment_status":"closed","ping_status":"closed","template":"","meta":{"_et_pb_use_builder":"","_et_pb_old_content":"","_et_gb_content_width":""},"product_cat":[71,19,41],"product_tag":[],"_links":{"self":[{"href":"https:\/\/spirrel.com\/picarbure\/wp-json\/wp\/v2\/product\/196"}],"collection":[{"href":"https:\/\/spirrel.com\/picarbure\/wp-json\/wp\/v2\/product"}],"about":[{"href":"https:\/\/spirrel.com\/picarbure\/wp-json\/wp\/v2\/types\/product"}],"replies":[{"embeddable":true,"href":"https:\/\/spirrel.com\/picarbure\/wp-json\/wp\/v2\/comments?post=196"}],"wp:featuredmedia":[{"embeddable":true,"href":"https:\/\/spirrel.com\/picarbure\/wp-json\/wp\/v2\/media\/4315"}],"wp:attachment":[{"href":"https:\/\/spirrel.com\/picarbure\/wp-json\/wp\/v2\/media?parent=196"}],"wp:term":[{"taxonomy":"product_cat","embeddable":true,"href":"https:\/\/spirrel.com\/picarbure\/wp-json\/wp\/v2\/product_cat?post=196"},{"taxonomy":"product_tag","embeddable":true,"href":"https:\/\/spirrel.com\/picarbure\/wp-json\/wp\/v2\/product_tag?post=196"}],"curies":[{"name":"wp","href":"https:\/\/api.w.org\/{rel}","templated":true}]}}