{"id":208,"date":"2018-12-15T13:39:04","date_gmt":"2018-12-15T12:39:04","guid":{"rendered":"https:\/\/spirrel.com\/picarbure\/?post_type=product&#038;p=208"},"modified":"2019-03-23T16:18:47","modified_gmt":"2019-03-23T15:18:47","slug":"pointe-carbure-type-gregoire-et-besson-70mm","status":"publish","type":"product","link":"https:\/\/spirrel.com\/picarbure\/produit\/pointe-carbure-type-gregoire-et-besson-70mm\/","title":{"rendered":"Pointe Carbure type Gr\u00e9goire et Besson 70mm"},"content":{"rendered":"<p><b>R\u00e9f\u00e9rence :<\/b> Pic PGB<\/p>\n<p><b>D\u00e9signation :<\/b> Pointe Carbure type Gr\u00e9goire et Besson 70mm<\/p>\n<p><b>Marque :<\/b> Gr\u00e9goire et Besson<\/p>\n<p>70mm de large<br \/>\nconvient pour pointe type GOIZIN, type DURO ref 6432\/31, type THIEME EA 50, type VOGEL ET NOOT ref PKO01101\/02<\/p>\n","protected":false},"excerpt":{"rendered":"<p>Pic PGB<\/p>\n","protected":false},"featured_media":4309,"comment_status":"closed","ping_status":"closed","template":"","meta":{"_et_pb_use_builder":"","_et_pb_old_content":"","_et_gb_content_width":""},"product_cat":[71,19,41],"product_tag":[],"_links":{"self":[{"href":"https:\/\/spirrel.com\/picarbure\/wp-json\/wp\/v2\/product\/208"}],"collection":[{"href":"https:\/\/spirrel.com\/picarbure\/wp-json\/wp\/v2\/product"}],"about":[{"href":"https:\/\/spirrel.com\/picarbure\/wp-json\/wp\/v2\/types\/product"}],"replies":[{"embeddable":true,"href":"https:\/\/spirrel.com\/picarbure\/wp-json\/wp\/v2\/comments?post=208"}],"wp:featuredmedia":[{"embeddable":true,"href":"https:\/\/spirrel.com\/picarbure\/wp-json\/wp\/v2\/media\/4309"}],"wp:attachment":[{"href":"https:\/\/spirrel.com\/picarbure\/wp-json\/wp\/v2\/media?parent=208"}],"wp:term":[{"taxonomy":"product_cat","embeddable":true,"href":"https:\/\/spirrel.com\/picarbure\/wp-json\/wp\/v2\/product_cat?post=208"},{"taxonomy":"product_tag","embeddable":true,"href":"https:\/\/spirrel.com\/picarbure\/wp-json\/wp\/v2\/product_tag?post=208"}],"curies":[{"name":"wp","href":"https:\/\/api.w.org\/{rel}","templated":true}]}}