{"id":250,"date":"2018-12-16T17:16:29","date_gmt":"2018-12-16T16:16:29","guid":{"rendered":"https:\/\/spirrel.com\/picarbure\/?post_type=product&#038;p=250"},"modified":"2019-03-23T16:04:09","modified_gmt":"2019-03-23T15:04:09","slug":"soc-carbure-14-pouces-type-gregoire-et-besson","status":"publish","type":"product","link":"https:\/\/spirrel.com\/picarbure\/produit\/soc-carbure-14-pouces-type-gregoire-et-besson\/","title":{"rendered":"Soc carbure 14 pouces type Gr\u00e9goire et Besson monobloc"},"content":{"rendered":"<p><b>R\u00e9f\u00e9rence :<\/b> Pic Soc GB 14&prime;<\/p>\n<p><b>D\u00e9signation :<\/b> Soc carbure 14&prime; type Gr\u00e9goire et Besson 173423\/424 monobloc<\/p>\n<p><b>Marque :<\/b> Gr\u00e9goire et Besson<\/p>\n<p><strong>R\u00e9f\u00e9rence d&rsquo;origine :<\/strong> 173423\/424<\/p>\n","protected":false},"excerpt":{"rendered":"<p>Pic Soc GB 14&prime;<\/p>\n","protected":false},"featured_media":4289,"comment_status":"closed","ping_status":"closed","template":"","meta":{"_et_pb_use_builder":"","_et_pb_old_content":"","_et_gb_content_width":""},"product_cat":[71,19,42],"product_tag":[],"_links":{"self":[{"href":"https:\/\/spirrel.com\/picarbure\/wp-json\/wp\/v2\/product\/250"}],"collection":[{"href":"https:\/\/spirrel.com\/picarbure\/wp-json\/wp\/v2\/product"}],"about":[{"href":"https:\/\/spirrel.com\/picarbure\/wp-json\/wp\/v2\/types\/product"}],"replies":[{"embeddable":true,"href":"https:\/\/spirrel.com\/picarbure\/wp-json\/wp\/v2\/comments?post=250"}],"wp:featuredmedia":[{"embeddable":true,"href":"https:\/\/spirrel.com\/picarbure\/wp-json\/wp\/v2\/media\/4289"}],"wp:attachment":[{"href":"https:\/\/spirrel.com\/picarbure\/wp-json\/wp\/v2\/media?parent=250"}],"wp:term":[{"taxonomy":"product_cat","embeddable":true,"href":"https:\/\/spirrel.com\/picarbure\/wp-json\/wp\/v2\/product_cat?post=250"},{"taxonomy":"product_tag","embeddable":true,"href":"https:\/\/spirrel.com\/picarbure\/wp-json\/wp\/v2\/product_tag?post=250"}],"curies":[{"name":"wp","href":"https:\/\/api.w.org\/{rel}","templated":true}]}}