{"id":287,"date":"2018-12-16T18:53:34","date_gmt":"2018-12-16T17:53:34","guid":{"rendered":"https:\/\/spirrel.com\/picarbure\/?post_type=product&#038;p=287"},"modified":"2019-03-23T15:50:57","modified_gmt":"2019-03-23T14:50:57","slug":"soc-a-carrelet-14-pouces-type-gregoire-et-besson","status":"publish","type":"product","link":"https:\/\/spirrel.com\/picarbure\/produit\/soc-a-carrelet-14-pouces-type-gregoire-et-besson\/","title":{"rendered":"Soc \u00e0 carrelet 14 pouces type Gr\u00e9goire et Besson"},"content":{"rendered":"<p><b>R\u00e9f\u00e9rence :<\/b> Pic SoccaGB14&prime;<\/p>\n<p><b>D\u00e9signation :<\/b> Soc \u00e0 carrelet 14&prime; type Gr\u00e9goire et Besson<\/p>\n<p><b>Marque :<\/b> Gr\u00e9goire et Besson<\/p>\n<p><strong>R\u00e9f\u00e9rence d&rsquo;origine :<\/strong> 172401\/402 , 172417\/418<\/p>\n","protected":false},"excerpt":{"rendered":"<p>Pic SoccaGB14&prime;<\/p>\n","protected":false},"featured_media":4273,"comment_status":"closed","ping_status":"closed","template":"","meta":{"_et_pb_use_builder":"","_et_pb_old_content":"","_et_gb_content_width":""},"product_cat":[71,19,42],"product_tag":[],"_links":{"self":[{"href":"https:\/\/spirrel.com\/picarbure\/wp-json\/wp\/v2\/product\/287"}],"collection":[{"href":"https:\/\/spirrel.com\/picarbure\/wp-json\/wp\/v2\/product"}],"about":[{"href":"https:\/\/spirrel.com\/picarbure\/wp-json\/wp\/v2\/types\/product"}],"replies":[{"embeddable":true,"href":"https:\/\/spirrel.com\/picarbure\/wp-json\/wp\/v2\/comments?post=287"}],"wp:featuredmedia":[{"embeddable":true,"href":"https:\/\/spirrel.com\/picarbure\/wp-json\/wp\/v2\/media\/4273"}],"wp:attachment":[{"href":"https:\/\/spirrel.com\/picarbure\/wp-json\/wp\/v2\/media?parent=287"}],"wp:term":[{"taxonomy":"product_cat","embeddable":true,"href":"https:\/\/spirrel.com\/picarbure\/wp-json\/wp\/v2\/product_cat?post=287"},{"taxonomy":"product_tag","embeddable":true,"href":"https:\/\/spirrel.com\/picarbure\/wp-json\/wp\/v2\/product_tag?post=287"}],"curies":[{"name":"wp","href":"https:\/\/api.w.org\/{rel}","templated":true}]}}