{"id":299,"date":"2018-12-17T15:22:01","date_gmt":"2018-12-17T14:22:01","guid":{"rendered":"https:\/\/spirrel.com\/picarbure\/?post_type=product&#038;p=299"},"modified":"2019-03-23T15:39:08","modified_gmt":"2019-03-23T14:39:08","slug":"soc-rasette-carbure-type-gregoire-et-besson-large","status":"publish","type":"product","link":"https:\/\/spirrel.com\/picarbure\/produit\/soc-rasette-carbure-type-gregoire-et-besson-large\/","title":{"rendered":"Soc rasette carbure type Gr\u00e9goire et Besson large"},"content":{"rendered":"<p><b>R\u00e9f\u00e9rence :<\/b> Pic SRASGB 19125<\/p>\n<p><b>D\u00e9signation :<\/b> Soc rasette carbure type Gr\u00e9goire et Besson 19125\/126<\/p>\n<p><b>Marque :<\/b> Gr\u00e9goire et Besson<\/p>\n<p><strong>R\u00e9f\u00e9rence d&rsquo;origine :<\/strong> 19125\/126<\/p>\n","protected":false},"excerpt":{"rendered":"<p>Pic SRASGB 19125<\/p>\n","protected":false},"featured_media":4268,"comment_status":"closed","ping_status":"closed","template":"","meta":{"_et_pb_use_builder":"","_et_pb_old_content":"","_et_gb_content_width":""},"product_cat":[71,19,43],"product_tag":[],"_links":{"self":[{"href":"https:\/\/spirrel.com\/picarbure\/wp-json\/wp\/v2\/product\/299"}],"collection":[{"href":"https:\/\/spirrel.com\/picarbure\/wp-json\/wp\/v2\/product"}],"about":[{"href":"https:\/\/spirrel.com\/picarbure\/wp-json\/wp\/v2\/types\/product"}],"replies":[{"embeddable":true,"href":"https:\/\/spirrel.com\/picarbure\/wp-json\/wp\/v2\/comments?post=299"}],"wp:featuredmedia":[{"embeddable":true,"href":"https:\/\/spirrel.com\/picarbure\/wp-json\/wp\/v2\/media\/4268"}],"wp:attachment":[{"href":"https:\/\/spirrel.com\/picarbure\/wp-json\/wp\/v2\/media?parent=299"}],"wp:term":[{"taxonomy":"product_cat","embeddable":true,"href":"https:\/\/spirrel.com\/picarbure\/wp-json\/wp\/v2\/product_cat?post=299"},{"taxonomy":"product_tag","embeddable":true,"href":"https:\/\/spirrel.com\/picarbure\/wp-json\/wp\/v2\/product_tag?post=299"}],"curies":[{"name":"wp","href":"https:\/\/api.w.org\/{rel}","templated":true}]}}