{"id":301,"date":"2018-12-17T15:25:53","date_gmt":"2018-12-17T14:25:53","guid":{"rendered":"https:\/\/spirrel.com\/picarbure\/?post_type=product&#038;p=301"},"modified":"2019-03-23T15:38:47","modified_gmt":"2019-03-23T14:38:47","slug":"soc-rasette-carbure-type-huard","status":"publish","type":"product","link":"https:\/\/spirrel.com\/picarbure\/produit\/soc-rasette-carbure-type-huard\/","title":{"rendered":"Soc rasette carbure type Huard"},"content":{"rendered":"<p><b>R\u00e9f\u00e9rence :<\/b> Pic SRASHU<\/p>\n<p><b>D\u00e9signation :<\/b> Soc rasette carbure type HUARD<\/p>\n<p><b>Marque :<\/b> Kuhn\/ Huard<\/p>\n<p><strong>R\u00e9f\u00e9rences d&rsquo;origine :<\/strong> 631030\/031 -631102\/03 &#8211; 631100\/01 &#8211; 631106\/07 &#8211; 631108\/09 &#8211; 631112<\/p>\n<p>Il existe diff\u00e9rentes r\u00e9f\u00e9rences.<\/p>\n","protected":false},"excerpt":{"rendered":"<p>Pic SRASHU<\/p>\n","protected":false},"featured_media":4267,"comment_status":"closed","ping_status":"closed","template":"","meta":{"_et_pb_use_builder":"","_et_pb_old_content":"","_et_gb_content_width":""},"product_cat":[75,19,43],"product_tag":[],"_links":{"self":[{"href":"https:\/\/spirrel.com\/picarbure\/wp-json\/wp\/v2\/product\/301"}],"collection":[{"href":"https:\/\/spirrel.com\/picarbure\/wp-json\/wp\/v2\/product"}],"about":[{"href":"https:\/\/spirrel.com\/picarbure\/wp-json\/wp\/v2\/types\/product"}],"replies":[{"embeddable":true,"href":"https:\/\/spirrel.com\/picarbure\/wp-json\/wp\/v2\/comments?post=301"}],"wp:featuredmedia":[{"embeddable":true,"href":"https:\/\/spirrel.com\/picarbure\/wp-json\/wp\/v2\/media\/4267"}],"wp:attachment":[{"href":"https:\/\/spirrel.com\/picarbure\/wp-json\/wp\/v2\/media?parent=301"}],"wp:term":[{"taxonomy":"product_cat","embeddable":true,"href":"https:\/\/spirrel.com\/picarbure\/wp-json\/wp\/v2\/product_cat?post=301"},{"taxonomy":"product_tag","embeddable":true,"href":"https:\/\/spirrel.com\/picarbure\/wp-json\/wp\/v2\/product_tag?post=301"}],"curies":[{"name":"wp","href":"https:\/\/api.w.org\/{rel}","templated":true}]}}