{"id":458,"date":"2018-12-18T17:27:34","date_gmt":"2018-12-18T16:27:34","guid":{"rendered":"https:\/\/spirrel.com\/picarbure\/?post_type=product&#038;p=458"},"modified":"2019-03-23T15:18:33","modified_gmt":"2019-03-23T14:18:33","slug":"dent-de-herse-type-sulky-frandent-boulonnee","status":"publish","type":"product","link":"https:\/\/spirrel.com\/picarbure\/produit\/dent-de-herse-type-sulky-frandent-boulonnee\/","title":{"rendered":"Dent de herse type Sulky frandent boulonn\u00e9e"},"content":{"rendered":"<p><b>R\u00e9f\u00e9rence :<\/b> Pic Dentsulky1<\/p>\n<p><b>D\u00e9signation :<\/b> Dent type Sulky frandent boulonn\u00e9e<\/p>\n<p><b>Marque :<\/b> Sulky<\/p>\n<p><strong>R\u00e9f\u00e9rence d&rsquo;origine :<\/strong> 980146 (EA65)<\/p>\n<p>Dent type Sulky frandent boulonn\u00e9e 2 trous avec 2 ou 3 plaquettes en origine<\/p>\n","protected":false},"excerpt":{"rendered":"<p>Pic Dentsulky1<\/p>\n","protected":false},"featured_media":4342,"comment_status":"closed","ping_status":"closed","template":"","meta":{"_et_pb_use_builder":"","_et_pb_old_content":"","_et_gb_content_width":""},"product_cat":[44,20,80],"product_tag":[],"_links":{"self":[{"href":"https:\/\/spirrel.com\/picarbure\/wp-json\/wp\/v2\/product\/458"}],"collection":[{"href":"https:\/\/spirrel.com\/picarbure\/wp-json\/wp\/v2\/product"}],"about":[{"href":"https:\/\/spirrel.com\/picarbure\/wp-json\/wp\/v2\/types\/product"}],"replies":[{"embeddable":true,"href":"https:\/\/spirrel.com\/picarbure\/wp-json\/wp\/v2\/comments?post=458"}],"wp:featuredmedia":[{"embeddable":true,"href":"https:\/\/spirrel.com\/picarbure\/wp-json\/wp\/v2\/media\/4342"}],"wp:attachment":[{"href":"https:\/\/spirrel.com\/picarbure\/wp-json\/wp\/v2\/media?parent=458"}],"wp:term":[{"taxonomy":"product_cat","embeddable":true,"href":"https:\/\/spirrel.com\/picarbure\/wp-json\/wp\/v2\/product_cat?post=458"},{"taxonomy":"product_tag","embeddable":true,"href":"https:\/\/spirrel.com\/picarbure\/wp-json\/wp\/v2\/product_tag?post=458"}],"curies":[{"name":"wp","href":"https:\/\/api.w.org\/{rel}","templated":true}]}}