{"id":468,"date":"2018-12-18T17:51:14","date_gmt":"2018-12-18T16:51:14","guid":{"rendered":"https:\/\/spirrel.com\/picarbure\/?post_type=product&#038;p=468"},"modified":"2019-02-27T21:37:12","modified_gmt":"2019-02-27T20:37:12","slug":"dent-type-vicon-master","status":"publish","type":"product","link":"https:\/\/spirrel.com\/picarbure\/produit\/dent-type-vicon-master\/","title":{"rendered":"Dent type Vicon master"},"content":{"rendered":"<p><b>R\u00e9f\u00e9rence :<\/b> Pic Dentvicon<\/p>\n<p><b>D\u00e9signation :<\/b> Dent type Vicon master<\/p>\n<p><b>Marque :<\/b> Vicon<\/p>\n<p><strong>R\u00e9f\u00e9rence d&rsquo;origine :<\/strong> 7U007<\/p>\n<p>Dent type Vicon master avec 2 ou 3 plaquettes en origine ou adaptable<\/p>\n","protected":false},"excerpt":{"rendered":"<p>R\u00e9f\u00e9rence : Pic Dentvicon D\u00e9signation : Dent type Vicon master Marque : Vicon R\u00e9f\u00e9rence d&rsquo;origine : 7U007 Dent type Vicon master avec 2 ou 3 plaquettes en origine ou adaptable<\/p>\n","protected":false},"featured_media":4366,"comment_status":"closed","ping_status":"closed","template":"","meta":{"_et_pb_use_builder":"","_et_pb_old_content":"","_et_gb_content_width":""},"product_cat":[44,20,81],"product_tag":[],"_links":{"self":[{"href":"https:\/\/spirrel.com\/picarbure\/wp-json\/wp\/v2\/product\/468"}],"collection":[{"href":"https:\/\/spirrel.com\/picarbure\/wp-json\/wp\/v2\/product"}],"about":[{"href":"https:\/\/spirrel.com\/picarbure\/wp-json\/wp\/v2\/types\/product"}],"replies":[{"embeddable":true,"href":"https:\/\/spirrel.com\/picarbure\/wp-json\/wp\/v2\/comments?post=468"}],"wp:featuredmedia":[{"embeddable":true,"href":"https:\/\/spirrel.com\/picarbure\/wp-json\/wp\/v2\/media\/4366"}],"wp:attachment":[{"href":"https:\/\/spirrel.com\/picarbure\/wp-json\/wp\/v2\/media?parent=468"}],"wp:term":[{"taxonomy":"product_cat","embeddable":true,"href":"https:\/\/spirrel.com\/picarbure\/wp-json\/wp\/v2\/product_cat?post=468"},{"taxonomy":"product_tag","embeddable":true,"href":"https:\/\/spirrel.com\/picarbure\/wp-json\/wp\/v2\/product_tag?post=468"}],"curies":[{"name":"wp","href":"https:\/\/api.w.org\/{rel}","templated":true}]}}