{"id":530,"date":"2018-12-19T16:51:40","date_gmt":"2018-12-19T15:51:40","guid":{"rendered":"https:\/\/spirrel.com\/picarbure\/?post_type=product&#038;p=530"},"modified":"2019-02-27T19:33:54","modified_gmt":"2019-02-27T18:33:54","slug":"grattoir-carbure-type-lely-110mm","status":"publish","type":"product","link":"https:\/\/spirrel.com\/picarbure\/produit\/grattoir-carbure-type-lely-110mm\/","title":{"rendered":"Grattoir carbure type Lely 110mm"},"content":{"rendered":"<p><b>R\u00e9f\u00e9rence :<\/b> Pic GratLely2<\/p>\n<p><b>D\u00e9signation :<\/b> Grattoir carbure type Lely<\/p>\n<p><b>Marque :<\/b> Lely<\/p>\n<p><strong>R\u00e9f\u00e9rence d&rsquo;origine : <\/strong>1164529440<\/p>\n<p>Grattoir carbure type Lely 1164529440 dimensions:110*100*5<\/p>\n","protected":false},"excerpt":{"rendered":"<p>R\u00e9f\u00e9rence : Pic GratLely2 D\u00e9signation : Grattoir carbure type Lely Marque : Lely R\u00e9f\u00e9rence d&rsquo;origine : 1164529440 Grattoir carbure type Lely 1164529440 dimensions:110*100*5<\/p>\n","protected":false},"featured_media":4326,"comment_status":"closed","ping_status":"closed","template":"","meta":{"_et_pb_use_builder":"","_et_pb_old_content":"","_et_gb_content_width":""},"product_cat":[45,84,20],"product_tag":[],"_links":{"self":[{"href":"https:\/\/spirrel.com\/picarbure\/wp-json\/wp\/v2\/product\/530"}],"collection":[{"href":"https:\/\/spirrel.com\/picarbure\/wp-json\/wp\/v2\/product"}],"about":[{"href":"https:\/\/spirrel.com\/picarbure\/wp-json\/wp\/v2\/types\/product"}],"replies":[{"embeddable":true,"href":"https:\/\/spirrel.com\/picarbure\/wp-json\/wp\/v2\/comments?post=530"}],"wp:featuredmedia":[{"embeddable":true,"href":"https:\/\/spirrel.com\/picarbure\/wp-json\/wp\/v2\/media\/4326"}],"wp:attachment":[{"href":"https:\/\/spirrel.com\/picarbure\/wp-json\/wp\/v2\/media?parent=530"}],"wp:term":[{"taxonomy":"product_cat","embeddable":true,"href":"https:\/\/spirrel.com\/picarbure\/wp-json\/wp\/v2\/product_cat?post=530"},{"taxonomy":"product_tag","embeddable":true,"href":"https:\/\/spirrel.com\/picarbure\/wp-json\/wp\/v2\/product_tag?post=530"}],"curies":[{"name":"wp","href":"https:\/\/api.w.org\/{rel}","templated":true}]}}