{"id":565,"date":"2018-12-19T18:36:18","date_gmt":"2018-12-19T17:36:18","guid":{"rendered":"https:\/\/spirrel.com\/picarbure\/?post_type=product&#038;p=565"},"modified":"2019-03-23T14:53:43","modified_gmt":"2019-03-23T13:53:43","slug":"soc-darracheuse-a-betterave-type-holmer-4tr","status":"publish","type":"product","link":"https:\/\/spirrel.com\/picarbure\/produit\/soc-darracheuse-a-betterave-type-holmer-4tr\/","title":{"rendered":"Soc d&rsquo;arracheuse \u00e0 betterave type Holmer 4tr"},"content":{"rendered":"<p><b>R\u00e9f\u00e9rence :<\/b> Pic SBETHOLMER 4tr<\/p>\n<p><b>D\u00e9signation :<\/b> Soc d&rsquo;arracheuse \u00e0 betterave type Holmer 4tr<\/p>\n<p><b>Marque :<\/b> Holmer<\/p>\n<p><strong>R\u00e9f\u00e9rences d&rsquo;origine : <\/strong>1145010020 &#8211; 016718\/19<\/p>\n","protected":false},"excerpt":{"rendered":"<p>Pic SBETHOLMER 4tr<\/p>\n","protected":false},"featured_media":4171,"comment_status":"closed","ping_status":"closed","template":"","meta":{"_et_pb_use_builder":"","_et_pb_old_content":"","_et_gb_content_width":""},"product_cat":[22,88,47],"product_tag":[],"_links":{"self":[{"href":"https:\/\/spirrel.com\/picarbure\/wp-json\/wp\/v2\/product\/565"}],"collection":[{"href":"https:\/\/spirrel.com\/picarbure\/wp-json\/wp\/v2\/product"}],"about":[{"href":"https:\/\/spirrel.com\/picarbure\/wp-json\/wp\/v2\/types\/product"}],"replies":[{"embeddable":true,"href":"https:\/\/spirrel.com\/picarbure\/wp-json\/wp\/v2\/comments?post=565"}],"wp:featuredmedia":[{"embeddable":true,"href":"https:\/\/spirrel.com\/picarbure\/wp-json\/wp\/v2\/media\/4171"}],"wp:attachment":[{"href":"https:\/\/spirrel.com\/picarbure\/wp-json\/wp\/v2\/media?parent=565"}],"wp:term":[{"taxonomy":"product_cat","embeddable":true,"href":"https:\/\/spirrel.com\/picarbure\/wp-json\/wp\/v2\/product_cat?post=565"},{"taxonomy":"product_tag","embeddable":true,"href":"https:\/\/spirrel.com\/picarbure\/wp-json\/wp\/v2\/product_tag?post=565"}],"curies":[{"name":"wp","href":"https:\/\/api.w.org\/{rel}","templated":true}]}}