{"id":571,"date":"2018-12-19T18:47:35","date_gmt":"2018-12-19T17:47:35","guid":{"rendered":"https:\/\/spirrel.com\/picarbure\/?post_type=product&#038;p=571"},"modified":"2019-03-23T14:53:13","modified_gmt":"2019-03-23T13:53:13","slug":"soc-darracheuse-a-betteraves-type-matrot-varisoc","status":"publish","type":"product","link":"https:\/\/spirrel.com\/picarbure\/produit\/soc-darracheuse-a-betteraves-type-matrot-varisoc\/","title":{"rendered":"Soc d&rsquo;arracheuse \u00e0 betteraves type Matrot Varisoc"},"content":{"rendered":"<p><b>R\u00e9f\u00e9rence :<\/b> Pic SBETMATROT Varisoc<\/p>\n<p><b>D\u00e9signation :<\/b> Soc d&rsquo;arracheuse \u00e0 betteraves type Matrot Varisoc<\/p>\n<p><b>Marque :<\/b> Matrot<\/p>\n<p><strong>R\u00e9f\u00e9rences d&rsquo;origine : <\/strong>Varisoc 17141\/17142 &#8211; Varisoc nouvelle g\u00e9n\u00e9ration &#8211; Limasoc 65060\/0611<\/p>\n","protected":false},"excerpt":{"rendered":"<p>Pic SBETMATROT Varisoc<\/p>\n","protected":false},"featured_media":4170,"comment_status":"closed","ping_status":"closed","template":"","meta":{"_et_pb_use_builder":"","_et_pb_old_content":"","_et_gb_content_width":""},"product_cat":[22,89,47],"product_tag":[],"_links":{"self":[{"href":"https:\/\/spirrel.com\/picarbure\/wp-json\/wp\/v2\/product\/571"}],"collection":[{"href":"https:\/\/spirrel.com\/picarbure\/wp-json\/wp\/v2\/product"}],"about":[{"href":"https:\/\/spirrel.com\/picarbure\/wp-json\/wp\/v2\/types\/product"}],"replies":[{"embeddable":true,"href":"https:\/\/spirrel.com\/picarbure\/wp-json\/wp\/v2\/comments?post=571"}],"wp:featuredmedia":[{"embeddable":true,"href":"https:\/\/spirrel.com\/picarbure\/wp-json\/wp\/v2\/media\/4170"}],"wp:attachment":[{"href":"https:\/\/spirrel.com\/picarbure\/wp-json\/wp\/v2\/media?parent=571"}],"wp:term":[{"taxonomy":"product_cat","embeddable":true,"href":"https:\/\/spirrel.com\/picarbure\/wp-json\/wp\/v2\/product_cat?post=571"},{"taxonomy":"product_tag","embeddable":true,"href":"https:\/\/spirrel.com\/picarbure\/wp-json\/wp\/v2\/product_tag?post=571"}],"curies":[{"name":"wp","href":"https:\/\/api.w.org\/{rel}","templated":true}]}}