{"id":586,"date":"2018-12-19T19:34:15","date_gmt":"2018-12-19T18:34:15","guid":{"rendered":"https:\/\/spirrel.com\/picarbure\/?post_type=product&#038;p=586"},"modified":"2019-03-23T14:50:29","modified_gmt":"2019-03-23T13:50:29","slug":"bec-a-souder-1652-160x50x20","status":"publish","type":"product","link":"https:\/\/spirrel.com\/picarbure\/produit\/bec-a-souder-1652-160x50x20\/","title":{"rendered":"Bec \u00e0 souder 1652 160x50x20"},"content":{"rendered":"<p><b>R\u00e9f\u00e9rence :<\/b> Pic Bas1652<\/p>\n<p><b>D\u00e9signation :<\/b> Bec \u00e0 souder 1652<\/p>\n<p><b>Marque :<\/b> Toutes marques<\/p>\n<p>Bec \u00e0 souder 1652 160*50*20<\/p>\n","protected":false},"excerpt":{"rendered":"<p>Pic Bas1652<\/p>\n","protected":false},"featured_media":4206,"comment_status":"closed","ping_status":"closed","template":"","meta":{"_et_pb_use_builder":"","_et_pb_old_content":"","_et_gb_content_width":""},"product_cat":[48,23,57],"product_tag":[],"_links":{"self":[{"href":"https:\/\/spirrel.com\/picarbure\/wp-json\/wp\/v2\/product\/586"}],"collection":[{"href":"https:\/\/spirrel.com\/picarbure\/wp-json\/wp\/v2\/product"}],"about":[{"href":"https:\/\/spirrel.com\/picarbure\/wp-json\/wp\/v2\/types\/product"}],"replies":[{"embeddable":true,"href":"https:\/\/spirrel.com\/picarbure\/wp-json\/wp\/v2\/comments?post=586"}],"wp:featuredmedia":[{"embeddable":true,"href":"https:\/\/spirrel.com\/picarbure\/wp-json\/wp\/v2\/media\/4206"}],"wp:attachment":[{"href":"https:\/\/spirrel.com\/picarbure\/wp-json\/wp\/v2\/media?parent=586"}],"wp:term":[{"taxonomy":"product_cat","embeddable":true,"href":"https:\/\/spirrel.com\/picarbure\/wp-json\/wp\/v2\/product_cat?post=586"},{"taxonomy":"product_tag","embeddable":true,"href":"https:\/\/spirrel.com\/picarbure\/wp-json\/wp\/v2\/product_tag?post=586"}],"curies":[{"name":"wp","href":"https:\/\/api.w.org\/{rel}","templated":true}]}}