{"id":588,"date":"2018-12-19T19:36:22","date_gmt":"2018-12-19T18:36:22","guid":{"rendered":"https:\/\/spirrel.com\/picarbure\/?post_type=product&#038;p=588"},"modified":"2019-03-23T14:49:43","modified_gmt":"2019-03-23T13:49:43","slug":"bec-a-souder-1662-160x60x20","status":"publish","type":"product","link":"https:\/\/spirrel.com\/picarbure\/produit\/bec-a-souder-1662-160x60x20\/","title":{"rendered":"Bec \u00e0 souder 1662 160x60x20"},"content":{"rendered":"<p><b>R\u00e9f\u00e9rence :<\/b> Pic Bas1662<\/p>\n<p><b>D\u00e9signation :<\/b> Bec \u00e0 souder 1662<\/p>\n<p><b>Marque :<\/b> Toutes marques<\/p>\n<p>Bec \u00e0 souder 1662 160*60*20<\/p>\n","protected":false},"excerpt":{"rendered":"<p>Pic Bas1662<\/p>\n","protected":false},"featured_media":4205,"comment_status":"closed","ping_status":"closed","template":"","meta":{"_et_pb_use_builder":"","_et_pb_old_content":"","_et_gb_content_width":""},"product_cat":[48,23,57],"product_tag":[],"_links":{"self":[{"href":"https:\/\/spirrel.com\/picarbure\/wp-json\/wp\/v2\/product\/588"}],"collection":[{"href":"https:\/\/spirrel.com\/picarbure\/wp-json\/wp\/v2\/product"}],"about":[{"href":"https:\/\/spirrel.com\/picarbure\/wp-json\/wp\/v2\/types\/product"}],"replies":[{"embeddable":true,"href":"https:\/\/spirrel.com\/picarbure\/wp-json\/wp\/v2\/comments?post=588"}],"wp:featuredmedia":[{"embeddable":true,"href":"https:\/\/spirrel.com\/picarbure\/wp-json\/wp\/v2\/media\/4205"}],"wp:attachment":[{"href":"https:\/\/spirrel.com\/picarbure\/wp-json\/wp\/v2\/media?parent=588"}],"wp:term":[{"taxonomy":"product_cat","embeddable":true,"href":"https:\/\/spirrel.com\/picarbure\/wp-json\/wp\/v2\/product_cat?post=588"},{"taxonomy":"product_tag","embeddable":true,"href":"https:\/\/spirrel.com\/picarbure\/wp-json\/wp\/v2\/product_tag?post=588"}],"curies":[{"name":"wp","href":"https:\/\/api.w.org\/{rel}","templated":true}]}}