{"id":592,"date":"2018-12-19T20:27:53","date_gmt":"2018-12-19T19:27:53","guid":{"rendered":"https:\/\/spirrel.com\/picarbure\/?post_type=product&#038;p=592"},"modified":"2019-03-23T14:48:59","modified_gmt":"2019-03-23T13:48:59","slug":"bec-a-souder-88-300x80x30","status":"publish","type":"product","link":"https:\/\/spirrel.com\/picarbure\/produit\/bec-a-souder-88-300x80x30\/","title":{"rendered":"Bec \u00e0 souder 88 300x80x30"},"content":{"rendered":"<p><b>R\u00e9f\u00e9rence :<\/b> Pic Bas88<\/p>\n<p><b>D\u00e9signation :<\/b> Bec \u00e0 souder 88<\/p>\n<p><b>Marque :<\/b> Toutes marques<\/p>\n<p>Bec \u00e0 souder 88 300*80*30<\/p>\n","protected":false},"excerpt":{"rendered":"<p>Pic Bas88<\/p>\n","protected":false},"featured_media":4203,"comment_status":"closed","ping_status":"closed","template":"","meta":{"_et_pb_use_builder":"","_et_pb_old_content":"","_et_gb_content_width":""},"product_cat":[48,23,57],"product_tag":[],"_links":{"self":[{"href":"https:\/\/spirrel.com\/picarbure\/wp-json\/wp\/v2\/product\/592"}],"collection":[{"href":"https:\/\/spirrel.com\/picarbure\/wp-json\/wp\/v2\/product"}],"about":[{"href":"https:\/\/spirrel.com\/picarbure\/wp-json\/wp\/v2\/types\/product"}],"replies":[{"embeddable":true,"href":"https:\/\/spirrel.com\/picarbure\/wp-json\/wp\/v2\/comments?post=592"}],"wp:featuredmedia":[{"embeddable":true,"href":"https:\/\/spirrel.com\/picarbure\/wp-json\/wp\/v2\/media\/4203"}],"wp:attachment":[{"href":"https:\/\/spirrel.com\/picarbure\/wp-json\/wp\/v2\/media?parent=592"}],"wp:term":[{"taxonomy":"product_cat","embeddable":true,"href":"https:\/\/spirrel.com\/picarbure\/wp-json\/wp\/v2\/product_cat?post=592"},{"taxonomy":"product_tag","embeddable":true,"href":"https:\/\/spirrel.com\/picarbure\/wp-json\/wp\/v2\/product_tag?post=592"}],"curies":[{"name":"wp","href":"https:\/\/api.w.org\/{rel}","templated":true}]}}