{"id":600,"date":"2018-12-19T20:42:42","date_gmt":"2018-12-19T19:42:42","guid":{"rendered":"https:\/\/spirrel.com\/picarbure\/?post_type=product&#038;p=600"},"modified":"2019-03-23T14:47:27","modified_gmt":"2019-03-23T13:47:27","slug":"mise-a-souder-108-485x120x14","status":"publish","type":"product","link":"https:\/\/spirrel.com\/picarbure\/produit\/mise-a-souder-108-485x120x14\/","title":{"rendered":"Mise \u00e0 souder 108 485x120x14"},"content":{"rendered":"<p><b>R\u00e9f\u00e9rence :<\/b> Pic mas108<\/p>\n<p><b>D\u00e9signation :<\/b> Mise \u00e0 souder 108<\/p>\n<p><b>Marque :<\/b> Toutes marques<\/p>\n<p>Mse \u00e0 souder 108 485*120*14<\/p>\n","protected":false},"excerpt":{"rendered":"<p>Pic mas108<\/p>\n","protected":false},"featured_media":4199,"comment_status":"closed","ping_status":"closed","template":"","meta":{"_et_pb_use_builder":"","_et_pb_old_content":"","_et_gb_content_width":""},"product_cat":[23,49,57],"product_tag":[],"_links":{"self":[{"href":"https:\/\/spirrel.com\/picarbure\/wp-json\/wp\/v2\/product\/600"}],"collection":[{"href":"https:\/\/spirrel.com\/picarbure\/wp-json\/wp\/v2\/product"}],"about":[{"href":"https:\/\/spirrel.com\/picarbure\/wp-json\/wp\/v2\/types\/product"}],"replies":[{"embeddable":true,"href":"https:\/\/spirrel.com\/picarbure\/wp-json\/wp\/v2\/comments?post=600"}],"wp:featuredmedia":[{"embeddable":true,"href":"https:\/\/spirrel.com\/picarbure\/wp-json\/wp\/v2\/media\/4199"}],"wp:attachment":[{"href":"https:\/\/spirrel.com\/picarbure\/wp-json\/wp\/v2\/media?parent=600"}],"wp:term":[{"taxonomy":"product_cat","embeddable":true,"href":"https:\/\/spirrel.com\/picarbure\/wp-json\/wp\/v2\/product_cat?post=600"},{"taxonomy":"product_tag","embeddable":true,"href":"https:\/\/spirrel.com\/picarbure\/wp-json\/wp\/v2\/product_tag?post=600"}],"curies":[{"name":"wp","href":"https:\/\/api.w.org\/{rel}","templated":true}]}}