{"id":608,"date":"2018-12-19T20:56:14","date_gmt":"2018-12-19T19:56:14","guid":{"rendered":"https:\/\/spirrel.com\/picarbure\/?post_type=product&#038;p=608"},"modified":"2019-03-23T14:45:52","modified_gmt":"2019-03-23T13:45:52","slug":"mise-a-souder-1263-biais-3-plaquettes-1357014","status":"publish","type":"product","link":"https:\/\/spirrel.com\/picarbure\/produit\/mise-a-souder-1263-biais-3-plaquettes-1357014\/","title":{"rendered":"Mise \u00e0 souder 1263 biais 3 plaquettes 135x70x14"},"content":{"rendered":"<p><b>R\u00e9f\u00e9rence :<\/b> Pic mas1263<\/p>\n<p><b>D\u00e9signation :<\/b> Mise \u00e0 souder 1263<\/p>\n<p><b>Marque :<\/b> Toutes marques<\/p>\n<p>Mise \u00e0 souder 1263 biais 3 plaquettes 135*70*14<\/p>\n","protected":false},"excerpt":{"rendered":"<p>Pic mas1263<\/p>\n","protected":false},"featured_media":4195,"comment_status":"closed","ping_status":"closed","template":"","meta":{"_et_pb_use_builder":"","_et_pb_old_content":"","_et_gb_content_width":""},"product_cat":[23,49,57],"product_tag":[],"_links":{"self":[{"href":"https:\/\/spirrel.com\/picarbure\/wp-json\/wp\/v2\/product\/608"}],"collection":[{"href":"https:\/\/spirrel.com\/picarbure\/wp-json\/wp\/v2\/product"}],"about":[{"href":"https:\/\/spirrel.com\/picarbure\/wp-json\/wp\/v2\/types\/product"}],"replies":[{"embeddable":true,"href":"https:\/\/spirrel.com\/picarbure\/wp-json\/wp\/v2\/comments?post=608"}],"wp:featuredmedia":[{"embeddable":true,"href":"https:\/\/spirrel.com\/picarbure\/wp-json\/wp\/v2\/media\/4195"}],"wp:attachment":[{"href":"https:\/\/spirrel.com\/picarbure\/wp-json\/wp\/v2\/media?parent=608"}],"wp:term":[{"taxonomy":"product_cat","embeddable":true,"href":"https:\/\/spirrel.com\/picarbure\/wp-json\/wp\/v2\/product_cat?post=608"},{"taxonomy":"product_tag","embeddable":true,"href":"https:\/\/spirrel.com\/picarbure\/wp-json\/wp\/v2\/product_tag?post=608"}],"curies":[{"name":"wp","href":"https:\/\/api.w.org\/{rel}","templated":true}]}}