{"id":615,"date":"2018-12-19T21:01:21","date_gmt":"2018-12-19T20:01:21","guid":{"rendered":"https:\/\/spirrel.com\/picarbure\/?post_type=product&#038;p=615"},"modified":"2019-03-23T14:26:30","modified_gmt":"2019-03-23T13:26:30","slug":"mise-a-souder-1266-biais-6-plaquettes-270x70x14","status":"publish","type":"product","link":"https:\/\/spirrel.com\/picarbure\/produit\/mise-a-souder-1266-biais-6-plaquettes-270x70x14\/","title":{"rendered":"Mise \u00e0 souder 1266 biais 6 plaquettes 270x70x14"},"content":{"rendered":"<p><b>R\u00e9f\u00e9rence :<\/b> Pic mas1266<\/p>\n<p><b>D\u00e9signation :<\/b> Mise \u00e0 souder 1266<\/p>\n<p><b>Marque :<\/b> Toutes marques<\/p>\n<p>Mise \u00e0 souder 1266 biais 6 plaquettes 270*70*14<\/p>\n","protected":false},"excerpt":{"rendered":"<p>Pic mas1266<\/p>\n","protected":false},"featured_media":4192,"comment_status":"closed","ping_status":"closed","template":"","meta":{"_et_pb_use_builder":"","_et_pb_old_content":"","_et_gb_content_width":""},"product_cat":[23,49,57],"product_tag":[],"_links":{"self":[{"href":"https:\/\/spirrel.com\/picarbure\/wp-json\/wp\/v2\/product\/615"}],"collection":[{"href":"https:\/\/spirrel.com\/picarbure\/wp-json\/wp\/v2\/product"}],"about":[{"href":"https:\/\/spirrel.com\/picarbure\/wp-json\/wp\/v2\/types\/product"}],"replies":[{"embeddable":true,"href":"https:\/\/spirrel.com\/picarbure\/wp-json\/wp\/v2\/comments?post=615"}],"wp:featuredmedia":[{"embeddable":true,"href":"https:\/\/spirrel.com\/picarbure\/wp-json\/wp\/v2\/media\/4192"}],"wp:attachment":[{"href":"https:\/\/spirrel.com\/picarbure\/wp-json\/wp\/v2\/media?parent=615"}],"wp:term":[{"taxonomy":"product_cat","embeddable":true,"href":"https:\/\/spirrel.com\/picarbure\/wp-json\/wp\/v2\/product_cat?post=615"},{"taxonomy":"product_tag","embeddable":true,"href":"https:\/\/spirrel.com\/picarbure\/wp-json\/wp\/v2\/product_tag?post=615"}],"curies":[{"name":"wp","href":"https:\/\/api.w.org\/{rel}","templated":true}]}}