{"id":621,"date":"2018-12-19T21:07:25","date_gmt":"2018-12-19T20:07:25","guid":{"rendered":"https:\/\/spirrel.com\/picarbure\/?post_type=product&#038;p=621"},"modified":"2019-03-23T14:24:45","modified_gmt":"2019-03-23T13:24:45","slug":"mise-a-souder-1269-biais-9-plaquettes-405x70x14","status":"publish","type":"product","link":"https:\/\/spirrel.com\/picarbure\/produit\/mise-a-souder-1269-biais-9-plaquettes-405x70x14\/","title":{"rendered":"Mise \u00e0 souder 1269 biais 9 plaquettes 405x70x14"},"content":{"rendered":"<p><b>R\u00e9f\u00e9rence :<\/b> Pic mas1269<\/p>\n<p><b>D\u00e9signation :<\/b> Mise \u00e0 souder 1269<\/p>\n<p><b>Marque :<\/b> Toutes marques<\/p>\n<p>Mise \u00e0 souder 1269 biais 9 plaquettes 405*70*14<\/p>\n","protected":false},"excerpt":{"rendered":"<p>Pic mas1269<\/p>\n","protected":false},"featured_media":623,"comment_status":"closed","ping_status":"closed","template":"","meta":{"_et_pb_use_builder":"","_et_pb_old_content":"","_et_gb_content_width":""},"product_cat":[23,49,57],"product_tag":[],"_links":{"self":[{"href":"https:\/\/spirrel.com\/picarbure\/wp-json\/wp\/v2\/product\/621"}],"collection":[{"href":"https:\/\/spirrel.com\/picarbure\/wp-json\/wp\/v2\/product"}],"about":[{"href":"https:\/\/spirrel.com\/picarbure\/wp-json\/wp\/v2\/types\/product"}],"replies":[{"embeddable":true,"href":"https:\/\/spirrel.com\/picarbure\/wp-json\/wp\/v2\/comments?post=621"}],"wp:featuredmedia":[{"embeddable":true,"href":"https:\/\/spirrel.com\/picarbure\/wp-json\/wp\/v2\/media\/623"}],"wp:attachment":[{"href":"https:\/\/spirrel.com\/picarbure\/wp-json\/wp\/v2\/media?parent=621"}],"wp:term":[{"taxonomy":"product_cat","embeddable":true,"href":"https:\/\/spirrel.com\/picarbure\/wp-json\/wp\/v2\/product_cat?post=621"},{"taxonomy":"product_tag","embeddable":true,"href":"https:\/\/spirrel.com\/picarbure\/wp-json\/wp\/v2\/product_tag?post=621"}],"curies":[{"name":"wp","href":"https:\/\/api.w.org\/{rel}","templated":true}]}}