{"id":644,"date":"2018-12-19T21:30:36","date_gmt":"2018-12-19T20:30:36","guid":{"rendered":"https:\/\/spirrel.com\/picarbure\/?post_type=product&#038;p=644"},"modified":"2019-03-23T14:16:16","modified_gmt":"2019-03-23T13:16:16","slug":"mise-a-souder-70-70x40x12","status":"publish","type":"product","link":"https:\/\/spirrel.com\/picarbure\/produit\/mise-a-souder-70-70x40x12\/","title":{"rendered":"Mise \u00e0 souder 70 70x40x12"},"content":{"rendered":"<p><b>R\u00e9f\u00e9rence :<\/b> Pic mas70<\/p>\n<p><b>D\u00e9signation :<\/b> Mise \u00e0 souder 70<\/p>\n<p><b>Marque :<\/b> Toutes marques<\/p>\n<p>Mise \u00e0 souder 70 70*40*12<\/p>\n","protected":false},"excerpt":{"rendered":"<p>Pic mas70<\/p>\n","protected":false},"featured_media":4210,"comment_status":"closed","ping_status":"closed","template":"","meta":{"_et_pb_use_builder":"","_et_pb_old_content":"","_et_gb_content_width":""},"product_cat":[23,49,57],"product_tag":[],"_links":{"self":[{"href":"https:\/\/spirrel.com\/picarbure\/wp-json\/wp\/v2\/product\/644"}],"collection":[{"href":"https:\/\/spirrel.com\/picarbure\/wp-json\/wp\/v2\/product"}],"about":[{"href":"https:\/\/spirrel.com\/picarbure\/wp-json\/wp\/v2\/types\/product"}],"replies":[{"embeddable":true,"href":"https:\/\/spirrel.com\/picarbure\/wp-json\/wp\/v2\/comments?post=644"}],"wp:featuredmedia":[{"embeddable":true,"href":"https:\/\/spirrel.com\/picarbure\/wp-json\/wp\/v2\/media\/4210"}],"wp:attachment":[{"href":"https:\/\/spirrel.com\/picarbure\/wp-json\/wp\/v2\/media?parent=644"}],"wp:term":[{"taxonomy":"product_cat","embeddable":true,"href":"https:\/\/spirrel.com\/picarbure\/wp-json\/wp\/v2\/product_cat?post=644"},{"taxonomy":"product_tag","embeddable":true,"href":"https:\/\/spirrel.com\/picarbure\/wp-json\/wp\/v2\/product_tag?post=644"}],"curies":[{"name":"wp","href":"https:\/\/api.w.org\/{rel}","templated":true}]}}