{"id":658,"date":"2018-12-20T14:29:12","date_gmt":"2018-12-20T13:29:12","guid":{"rendered":"https:\/\/spirrel.com\/picarbure\/?post_type=product&#038;p=658"},"modified":"2018-12-20T14:33:33","modified_gmt":"2018-12-20T13:33:33","slug":"rechargement-bec-double-coeur","status":"publish","type":"product","link":"https:\/\/spirrel.com\/picarbure\/produit\/rechargement-bec-double-coeur\/","title":{"rendered":"Rechargement bec double c\u0153ur"},"content":{"rendered":"<p>Rechargement de bec double c\u0153ur (2 c\u0153urs + tour des boulons)<\/p>\n","protected":false},"excerpt":{"rendered":"<p>Rechargement de bec double c\u0153ur (2 c\u0153urs + tour des boulons)<\/p>\n","protected":false},"featured_media":0,"comment_status":"closed","ping_status":"closed","template":"","meta":{"_et_pb_use_builder":"","_et_pb_old_content":"","_et_gb_content_width":""},"product_cat":[38,18,24],"product_tag":[],"_links":{"self":[{"href":"https:\/\/spirrel.com\/picarbure\/wp-json\/wp\/v2\/product\/658"}],"collection":[{"href":"https:\/\/spirrel.com\/picarbure\/wp-json\/wp\/v2\/product"}],"about":[{"href":"https:\/\/spirrel.com\/picarbure\/wp-json\/wp\/v2\/types\/product"}],"replies":[{"embeddable":true,"href":"https:\/\/spirrel.com\/picarbure\/wp-json\/wp\/v2\/comments?post=658"}],"wp:attachment":[{"href":"https:\/\/spirrel.com\/picarbure\/wp-json\/wp\/v2\/media?parent=658"}],"wp:term":[{"taxonomy":"product_cat","embeddable":true,"href":"https:\/\/spirrel.com\/picarbure\/wp-json\/wp\/v2\/product_cat?post=658"},{"taxonomy":"product_tag","embeddable":true,"href":"https:\/\/spirrel.com\/picarbure\/wp-json\/wp\/v2\/product_tag?post=658"}],"curies":[{"name":"wp","href":"https:\/\/api.w.org\/{rel}","templated":true}]}}