{"id":670,"date":"2018-12-20T15:18:01","date_gmt":"2018-12-20T14:18:01","guid":{"rendered":"https:\/\/spirrel.com\/picarbure\/?post_type=product&#038;p=670"},"modified":"2019-02-26T18:39:01","modified_gmt":"2019-02-26T17:39:01","slug":"rechargement-pied-de-decompacteur-combiplow-twinplow-cultiplow","status":"publish","type":"product","link":"https:\/\/spirrel.com\/picarbure\/produit\/rechargement-pied-de-decompacteur-combiplow-twinplow-cultiplow\/","title":{"rendered":"Rechargement pied de d\u00e9compacteur Combiplow &#8211; Twinplow &#8211; Cultiplow"},"content":{"rendered":"<p>Rechargement pied de d\u00e9compacteur Combiplow &#8211; Twinplow &#8211; Cultiplow (bec + aileron + coutre sauf certains mod\u00e8les + tour de boulon)<\/p>\n","protected":false},"excerpt":{"rendered":"<p>Rechargement pied de d\u00e9compacteur Combiplow &#8211; Twinplow &#8211; Cultiplow (bec + aileron + coutre sauf certains mod\u00e8les + tour de boulon)<\/p>\n","protected":false},"featured_media":4248,"comment_status":"closed","ping_status":"closed","template":"","meta":{"_et_pb_use_builder":"","_et_pb_old_content":"","_et_gb_content_width":""},"product_cat":[51,17,28,24],"product_tag":[],"_links":{"self":[{"href":"https:\/\/spirrel.com\/picarbure\/wp-json\/wp\/v2\/product\/670"}],"collection":[{"href":"https:\/\/spirrel.com\/picarbure\/wp-json\/wp\/v2\/product"}],"about":[{"href":"https:\/\/spirrel.com\/picarbure\/wp-json\/wp\/v2\/types\/product"}],"replies":[{"embeddable":true,"href":"https:\/\/spirrel.com\/picarbure\/wp-json\/wp\/v2\/comments?post=670"}],"wp:featuredmedia":[{"embeddable":true,"href":"https:\/\/spirrel.com\/picarbure\/wp-json\/wp\/v2\/media\/4248"}],"wp:attachment":[{"href":"https:\/\/spirrel.com\/picarbure\/wp-json\/wp\/v2\/media?parent=670"}],"wp:term":[{"taxonomy":"product_cat","embeddable":true,"href":"https:\/\/spirrel.com\/picarbure\/wp-json\/wp\/v2\/product_cat?post=670"},{"taxonomy":"product_tag","embeddable":true,"href":"https:\/\/spirrel.com\/picarbure\/wp-json\/wp\/v2\/product_tag?post=670"}],"curies":[{"name":"wp","href":"https:\/\/api.w.org\/{rel}","templated":true}]}}