{"id":681,"date":"2018-12-20T15:41:04","date_gmt":"2018-12-20T14:41:04","guid":{"rendered":"https:\/\/spirrel.com\/picarbure\/?post_type=product&#038;p=681"},"modified":"2018-12-20T15:41:05","modified_gmt":"2018-12-20T14:41:05","slug":"rechargement-soc-de-dechaumeur","status":"publish","type":"product","link":"https:\/\/spirrel.com\/picarbure\/produit\/rechargement-soc-de-dechaumeur\/","title":{"rendered":"Rechargement soc de d\u00e9chaumeur"},"content":{"rendered":"<p>Rechargement soc de d\u00e9chaumeur (2 c\u00f4t\u00e9s+ tour des boulons, soc202, soc 060)<\/p>\n","protected":false},"excerpt":{"rendered":"<p>Rechargement soc de d\u00e9chaumeur (2 c\u00f4t\u00e9s+ tour des boulons, soc202, soc 060)<\/p>\n","protected":false},"featured_media":0,"comment_status":"closed","ping_status":"closed","template":"","meta":{"_et_pb_use_builder":"","_et_pb_old_content":"","_et_gb_content_width":""},"product_cat":[18,24,39,57],"product_tag":[],"_links":{"self":[{"href":"https:\/\/spirrel.com\/picarbure\/wp-json\/wp\/v2\/product\/681"}],"collection":[{"href":"https:\/\/spirrel.com\/picarbure\/wp-json\/wp\/v2\/product"}],"about":[{"href":"https:\/\/spirrel.com\/picarbure\/wp-json\/wp\/v2\/types\/product"}],"replies":[{"embeddable":true,"href":"https:\/\/spirrel.com\/picarbure\/wp-json\/wp\/v2\/comments?post=681"}],"wp:attachment":[{"href":"https:\/\/spirrel.com\/picarbure\/wp-json\/wp\/v2\/media?parent=681"}],"wp:term":[{"taxonomy":"product_cat","embeddable":true,"href":"https:\/\/spirrel.com\/picarbure\/wp-json\/wp\/v2\/product_cat?post=681"},{"taxonomy":"product_tag","embeddable":true,"href":"https:\/\/spirrel.com\/picarbure\/wp-json\/wp\/v2\/product_tag?post=681"}],"curies":[{"name":"wp","href":"https:\/\/api.w.org\/{rel}","templated":true}]}}