{"id":694,"date":"2018-12-20T16:41:54","date_gmt":"2018-12-20T15:41:54","guid":{"rendered":"https:\/\/spirrel.com\/picarbure\/?post_type=product&#038;p=694"},"modified":"2018-12-20T16:42:46","modified_gmt":"2018-12-20T15:42:46","slug":"rechargement-soc-de-charrue","status":"publish","type":"product","link":"https:\/\/spirrel.com\/picarbure\/produit\/rechargement-soc-de-charrue\/","title":{"rendered":"Rechargement soc de charrue"},"content":{"rendered":"<p>Rechargement soc de charrue (devant ou derri\u00e8re \u00e0 pr\u00e9ciser \u00e0 la commande)<\/p>\n","protected":false},"excerpt":{"rendered":"<p>Rechargement soc de charrue (devant ou derri\u00e8re \u00e0 pr\u00e9ciser \u00e0 la commande)<\/p>\n","protected":false},"featured_media":0,"comment_status":"closed","ping_status":"closed","template":"","meta":{"_et_pb_use_builder":"","_et_pb_old_content":"","_et_gb_content_width":""},"product_cat":[19,24,42,57],"product_tag":[],"_links":{"self":[{"href":"https:\/\/spirrel.com\/picarbure\/wp-json\/wp\/v2\/product\/694"}],"collection":[{"href":"https:\/\/spirrel.com\/picarbure\/wp-json\/wp\/v2\/product"}],"about":[{"href":"https:\/\/spirrel.com\/picarbure\/wp-json\/wp\/v2\/types\/product"}],"replies":[{"embeddable":true,"href":"https:\/\/spirrel.com\/picarbure\/wp-json\/wp\/v2\/comments?post=694"}],"wp:attachment":[{"href":"https:\/\/spirrel.com\/picarbure\/wp-json\/wp\/v2\/media?parent=694"}],"wp:term":[{"taxonomy":"product_cat","embeddable":true,"href":"https:\/\/spirrel.com\/picarbure\/wp-json\/wp\/v2\/product_cat?post=694"},{"taxonomy":"product_tag","embeddable":true,"href":"https:\/\/spirrel.com\/picarbure\/wp-json\/wp\/v2\/product_tag?post=694"}],"curies":[{"name":"wp","href":"https:\/\/api.w.org\/{rel}","templated":true}]}}